{"id":132,"date":"2024-06-17T12:13:06","date_gmt":"2024-06-17T10:13:06","guid":{"rendered":"https:\/\/www.sophiemore-naturo.fr\/?page_id=132"},"modified":"2025-05-05T15:24:47","modified_gmt":"2025-05-05T13:24:47","slug":"prestations-et-tarifs","status":"publish","type":"page","link":"https:\/\/www.sophiemore-naturo.fr\/index.php\/prestations-et-tarifs\/","title":{"rendered":"Prestations et Tarifs"},"content":{"rendered":"\n<div class=\"wp-block-columns is-layout-flex wp-container-core-columns-is-layout-9d6595d7 wp-block-columns-is-layout-flex\">\n<div class=\"wp-block-column is-layout-flow wp-block-column-is-layout-flow\">\n<p><mark style=\"background-color:rgba(0, 0, 0, 0)\" class=\"has-inline-color has-pale-pink-color\"><strong>Bilan complet naturopathie et MTC <\/strong>:<\/mark><\/p>\n\n\n\n<p>Le bilan permet d&rsquo;\u00e9valuer vos besoins, votre situation actuelle au regard de la raison pour laquelle vous avez pris rdv. A la suite de ce premier rdv, et suivant vos attentes, je vous fais part de mes suggestions d&rsquo;action ou d&rsquo;accompagnement. <strong>dur\u00e9e 90 min &#8211; 75\u20ac<\/strong><\/p>\n<\/div>\n\n\n\n<div class=\"wp-block-column is-layout-flow wp-block-column-is-layout-flow\">\n<p><mark style=\"background-color:rgba(0, 0, 0, 0)\" class=\"has-inline-color has-pale-pink-color\"><strong>Rdv de suivi ou rdv occasionnel (techniques mixtes)<\/strong>:<\/mark><\/p>\n\n\n\n<p>Ce rdv permet de suivre l&rsquo;\u00e9volution de votre bien \u00eatre, d&rsquo;adapter ou de modifier les propositions faites en premi\u00e8re intention. Vous pouvez \u00e9galement ne pas \u00eatre disponible ou dispos\u00e9 \u00e0 r\u00e9aliser un bilan complet mais vous cherchez un support sur un sujet sp\u00e9cifique, le rdv occasionnel r\u00e9pondra \u00e0 cette demande. <strong>dur\u00e9e 60 min &#8211; 50\u20ac<\/strong><\/p>\n<\/div>\n\n\n\n<div class=\"wp-block-column is-layout-flow wp-block-column-is-layout-flow\">\n<p><mark style=\"background-color:rgba(0, 0, 0, 0)\" class=\"has-inline-color has-pale-pink-color\"><strong>Accompagnement sur 5 rdv (incluant un bilan) <\/strong>:<\/mark><\/p>\n\n\n\n<p>Vous souhaitez un suivi r\u00e9gulier avec une fr\u00e9quence adapt\u00e9e \u00e0 votre besoin et votre disponibilit\u00e9 &#8211;<strong>Bilan dur\u00e9e 90min + 4 rdv de 60 min- 245\u20ac<\/strong><\/p>\n<\/div>\n<\/div>\n\n\n\n<div class=\"wp-block-columns is-layout-flex wp-container-core-columns-is-layout-9d6595d7 wp-block-columns-is-layout-flex\">\n<div class=\"wp-block-column is-layout-flow wp-block-column-is-layout-flow\">\n<p><strong><mark style=\"background-color:rgba(0, 0, 0, 0)\" class=\"has-inline-color has-pale-pink-color\">Rdv Enfant et Adolescent (-16 ans): <\/mark><\/strong><\/p>\n\n\n\n<p>Les approches et techniques que j&rsquo;utilise sont tout \u00e0 fait adaptables aux jeunes enfants et adolescents, sur des rdv de plus courte<strong> dur\u00e9e &#8211; 30 min &#8211; 30\u20ac<\/strong><\/p>\n<\/div>\n\n\n\n<div class=\"wp-block-column is-layout-flow wp-block-column-is-layout-flow\">\n<p><strong><mark style=\"background-color:rgba(0, 0, 0, 0)\" class=\"has-inline-color has-pale-pink-color\">R\u00e9flexologie plantaire:<\/mark><\/strong><\/p>\n\n\n\n<p>La stimulation des points r\u00e9flexes situ\u00e9s au niveau des pieds favorise la relaxation, la diminution du stress, am\u00e9liore la circulation sanguine et permet le drainage des toxines.<strong> dur\u00e9e 50 min &#8211; 50\u20ac<\/strong><\/p>\n<\/div>\n\n\n\n<div class=\"wp-block-column is-layout-flow wp-block-column-is-layout-flow\">\n<p><strong><mark style=\"background-color:rgba(0, 0, 0, 0)\" class=\"has-inline-color has-pale-pink-color\">La r\u00e9flexologie plantaire des 4 saisons:<\/mark><\/strong><\/p>\n\n\n\n<p>La r\u00e9flexologie plantaire peut aider votre organisme lors des changements de saison, nettoyer le corps et faire place \u00e0 l&rsquo;\u00e9nergie nouvelle. <strong>Forfait 4 s\u00e9ances: 175\u20ac<\/strong><\/p>\n\n\n\n<p><\/p>\n<\/div>\n<\/div>\n\n\n\n<p><strong><mark style=\"background-color:rgba(0, 0, 0, 0)\" class=\"has-inline-color has-pale-pink-color\">Qi Nei Tsang <\/mark><\/strong><\/p>\n\n\n\n<p>Ce massage permet une libre circulation de l&rsquo;\u00e9nergie dans l&rsquo;ensemble du corps. Il se fait par des pressions profondes, d\u00e9licates et douces pour stimuler les organes internes et augmenter leur m\u00e9tabolisme. il aide \u00e0 lever les stagnations, augmenter les capacit\u00e9s d&rsquo;\u00e9limination et stimuler les diff\u00e9rents syst\u00e8mes: digestif, vasculaire, nerveux, lymphatique et immunitaire. <strong>dur\u00e9e 75min  &#8211; 65\u20ac<\/strong><\/p>\n\n\n\n<p><\/p>\n\n\n\n<p><strong><mark style=\"background-color:rgba(0, 0, 0, 0)\" class=\"has-inline-color has-pale-pink-color\">Consultation en Visio: <\/mark><\/strong><br>Vous souhaitez un accompagnement mais ne pouvez pas vous d\u00e9placer? Selon votre besoin et vos attentes nous pouvons organiser un RDV en visio. N&rsquo;h\u00e9sitez pas \u00e0 me le demander!<\/p>\n\n\n\n<p><\/p>\n\n\n\n<p>*Pensez \u00e0 v\u00e9rifier avec votre mutuelle car certaines prennent en charge les soins et consultations en m\u00e9decines compl\u00e9mentaires naturelles, je peux vous \u00e9tablir une facture.<\/p>\n\n\n\n<p><\/p>\n\n\n\n<p><strong>La Naturopathie Energ\u00e9tique est une approche de la sant\u00e9 compl\u00e9mentaire \u00e0 la m\u00e9decine conventionnelle et ne pr\u00e9tend pas s\u2019y substituer.<\/strong><\/p>\n\n\n\n<p><strong>Pour une pratique efficace et positive, gardons en t\u00eate que: <\/strong>Le naturopathe ne se substitue pas au m\u00e9decin, il n\u2019effectue pas de diagnostic, n\u2019\u00e9tablit pas d\u2019ordonnance et ne modifie pas une prescription m\u00e9dicale. Il renvoie syst\u00e9matiquement au corps m\u00e9dical allopathique tous les cas graves ou suspects. Comme pour toutes les autres professions de sant\u00e9, le naturopathe est tenu au \u00ab&nbsp;secret professionnel&nbsp;\u00bb de sorte que les informations enregistr\u00e9es par lui ne pourront pas \u00eatre divulgu\u00e9es, y compris \u00e0 la famille ou \u00e0 des tiers .<\/p>\n\n\n\n<p><\/p>\n","protected":false},"excerpt":{"rendered":"<p>Bilan complet naturopathie et MTC : Le bilan permet d&rsquo;\u00e9valuer vos besoins, votre situation actuelle au regard de la raison pour laquelle vous avez pris rdv. A la suite de ce premier rdv, et suivant vos attentes, je vous fais part de mes suggestions d&rsquo;action ou d&rsquo;accompagnement. dur\u00e9e 90 min &#8211; 75\u20ac Rdv de suivi [&hellip;]<\/p>\n","protected":false},"author":1,"featured_media":0,"parent":0,"menu_order":0,"comment_status":"closed","ping_status":"closed","template":"","meta":{"footnotes":""},"class_list":["post-132","page","type-page","status-publish","hentry","entry"],"yoast_head":"<!-- This site is optimized with the Yoast SEO plugin v26.1.1 - https:\/\/yoast.com\/wordpress\/plugins\/seo\/ -->\n<title>Prestations et Tarifs - Prendre soin de soi au naturel<\/title>\n<meta name=\"robots\" content=\"index, follow, max-snippet:-1, max-image-preview:large, max-video-preview:-1\" \/>\n<link rel=\"canonical\" href=\"https:\/\/www.sophiemore-naturo.fr\/index.php\/prestations-et-tarifs\/\" \/>\n<meta property=\"og:locale\" content=\"fr_FR\" \/>\n<meta property=\"og:type\" content=\"article\" \/>\n<meta property=\"og:title\" content=\"Prestations et Tarifs - Prendre soin de soi au naturel\" \/>\n<meta property=\"og:description\" content=\"Bilan complet naturopathie et MTC : Le bilan permet d&rsquo;\u00e9valuer vos besoins, votre situation actuelle au regard de la raison pour laquelle vous avez pris rdv. A la suite de ce premier rdv, et suivant vos attentes, je vous fais part de mes suggestions d&rsquo;action ou d&rsquo;accompagnement. dur\u00e9e 90 min &#8211; 75\u20ac Rdv de suivi [&hellip;]\" \/>\n<meta property=\"og:url\" content=\"https:\/\/www.sophiemore-naturo.fr\/index.php\/prestations-et-tarifs\/\" \/>\n<meta property=\"og:site_name\" content=\"Prendre soin de soi au naturel\" \/>\n<meta property=\"article:publisher\" content=\"https:\/\/www.facebook.com\/sophie.more.7169\" \/>\n<meta property=\"article:modified_time\" content=\"2025-05-05T13:24:47+00:00\" \/>\n<meta name=\"twitter:card\" content=\"summary_large_image\" \/>\n<meta name=\"twitter:label1\" content=\"Dur\u00e9e de lecture estim\u00e9e\" \/>\n\t<meta name=\"twitter:data1\" content=\"2 minutes\" \/>\n<script type=\"application\/ld+json\" class=\"yoast-schema-graph\">{\"@context\":\"https:\/\/schema.org\",\"@graph\":[{\"@type\":\"WebPage\",\"@id\":\"https:\/\/www.sophiemore-naturo.fr\/index.php\/prestations-et-tarifs\/\",\"url\":\"https:\/\/www.sophiemore-naturo.fr\/index.php\/prestations-et-tarifs\/\",\"name\":\"Prestations et Tarifs - Prendre soin de soi au naturel\",\"isPartOf\":{\"@id\":\"https:\/\/www.sophiemore-naturo.fr\/#website\"},\"datePublished\":\"2024-06-17T10:13:06+00:00\",\"dateModified\":\"2025-05-05T13:24:47+00:00\",\"breadcrumb\":{\"@id\":\"https:\/\/www.sophiemore-naturo.fr\/index.php\/prestations-et-tarifs\/#breadcrumb\"},\"inLanguage\":\"fr-FR\",\"potentialAction\":[{\"@type\":\"ReadAction\",\"target\":[\"https:\/\/www.sophiemore-naturo.fr\/index.php\/prestations-et-tarifs\/\"]}]},{\"@type\":\"BreadcrumbList\",\"@id\":\"https:\/\/www.sophiemore-naturo.fr\/index.php\/prestations-et-tarifs\/#breadcrumb\",\"itemListElement\":[{\"@type\":\"ListItem\",\"position\":1,\"name\":\"Accueil\",\"item\":\"https:\/\/www.sophiemore-naturo.fr\/\"},{\"@type\":\"ListItem\",\"position\":2,\"name\":\"Prestations et Tarifs\"}]},{\"@type\":\"WebSite\",\"@id\":\"https:\/\/www.sophiemore-naturo.fr\/#website\",\"url\":\"https:\/\/www.sophiemore-naturo.fr\/\",\"name\":\"Prendre soin de soi au naturel\",\"description\":\"Prendre soin de soi au naturel\",\"publisher\":{\"@id\":\"https:\/\/www.sophiemore-naturo.fr\/#organization\"},\"potentialAction\":[{\"@type\":\"SearchAction\",\"target\":{\"@type\":\"EntryPoint\",\"urlTemplate\":\"https:\/\/www.sophiemore-naturo.fr\/?s={search_term_string}\"},\"query-input\":{\"@type\":\"PropertyValueSpecification\",\"valueRequired\":true,\"valueName\":\"search_term_string\"}}],\"inLanguage\":\"fr-FR\"},{\"@type\":\"Organization\",\"@id\":\"https:\/\/www.sophiemore-naturo.fr\/#organization\",\"name\":\"Sophie More Naturopathie Energ\u00e9tique\",\"url\":\"https:\/\/www.sophiemore-naturo.fr\/\",\"logo\":{\"@type\":\"ImageObject\",\"inLanguage\":\"fr-FR\",\"@id\":\"https:\/\/www.sophiemore-naturo.fr\/#\/schema\/logo\/image\/\",\"url\":\"https:\/\/www.sophiemore-naturo.fr\/wp-content\/uploads\/2024\/03\/44983131.png\",\"contentUrl\":\"https:\/\/www.sophiemore-naturo.fr\/wp-content\/uploads\/2024\/03\/44983131.png\",\"width\":2000,\"height\":2000,\"caption\":\"Sophie More Naturopathie Energ\u00e9tique\"},\"image\":{\"@id\":\"https:\/\/www.sophiemore-naturo.fr\/#\/schema\/logo\/image\/\"},\"sameAs\":[\"https:\/\/www.facebook.com\/sophie.more.7169\",\"https:\/\/www.instagram.com\/sophiemorenaturopathie\/\"]}]}<\/script>\n<!-- \/ Yoast SEO plugin. -->","yoast_head_json":{"title":"Prestations et Tarifs - Prendre soin de soi au naturel","robots":{"index":"index","follow":"follow","max-snippet":"max-snippet:-1","max-image-preview":"max-image-preview:large","max-video-preview":"max-video-preview:-1"},"canonical":"https:\/\/www.sophiemore-naturo.fr\/index.php\/prestations-et-tarifs\/","og_locale":"fr_FR","og_type":"article","og_title":"Prestations et Tarifs - Prendre soin de soi au naturel","og_description":"Bilan complet naturopathie et MTC : Le bilan permet d&rsquo;\u00e9valuer vos besoins, votre situation actuelle au regard de la raison pour laquelle vous avez pris rdv. A la suite de ce premier rdv, et suivant vos attentes, je vous fais part de mes suggestions d&rsquo;action ou d&rsquo;accompagnement. dur\u00e9e 90 min &#8211; 75\u20ac Rdv de suivi [&hellip;]","og_url":"https:\/\/www.sophiemore-naturo.fr\/index.php\/prestations-et-tarifs\/","og_site_name":"Prendre soin de soi au naturel","article_publisher":"https:\/\/www.facebook.com\/sophie.more.7169","article_modified_time":"2025-05-05T13:24:47+00:00","twitter_card":"summary_large_image","twitter_misc":{"Dur\u00e9e de lecture estim\u00e9e":"2 minutes"},"schema":{"@context":"https:\/\/schema.org","@graph":[{"@type":"WebPage","@id":"https:\/\/www.sophiemore-naturo.fr\/index.php\/prestations-et-tarifs\/","url":"https:\/\/www.sophiemore-naturo.fr\/index.php\/prestations-et-tarifs\/","name":"Prestations et Tarifs - Prendre soin de soi au naturel","isPartOf":{"@id":"https:\/\/www.sophiemore-naturo.fr\/#website"},"datePublished":"2024-06-17T10:13:06+00:00","dateModified":"2025-05-05T13:24:47+00:00","breadcrumb":{"@id":"https:\/\/www.sophiemore-naturo.fr\/index.php\/prestations-et-tarifs\/#breadcrumb"},"inLanguage":"fr-FR","potentialAction":[{"@type":"ReadAction","target":["https:\/\/www.sophiemore-naturo.fr\/index.php\/prestations-et-tarifs\/"]}]},{"@type":"BreadcrumbList","@id":"https:\/\/www.sophiemore-naturo.fr\/index.php\/prestations-et-tarifs\/#breadcrumb","itemListElement":[{"@type":"ListItem","position":1,"name":"Accueil","item":"https:\/\/www.sophiemore-naturo.fr\/"},{"@type":"ListItem","position":2,"name":"Prestations et Tarifs"}]},{"@type":"WebSite","@id":"https:\/\/www.sophiemore-naturo.fr\/#website","url":"https:\/\/www.sophiemore-naturo.fr\/","name":"Prendre soin de soi au naturel","description":"Prendre soin de soi au naturel","publisher":{"@id":"https:\/\/www.sophiemore-naturo.fr\/#organization"},"potentialAction":[{"@type":"SearchAction","target":{"@type":"EntryPoint","urlTemplate":"https:\/\/www.sophiemore-naturo.fr\/?s={search_term_string}"},"query-input":{"@type":"PropertyValueSpecification","valueRequired":true,"valueName":"search_term_string"}}],"inLanguage":"fr-FR"},{"@type":"Organization","@id":"https:\/\/www.sophiemore-naturo.fr\/#organization","name":"Sophie More Naturopathie Energ\u00e9tique","url":"https:\/\/www.sophiemore-naturo.fr\/","logo":{"@type":"ImageObject","inLanguage":"fr-FR","@id":"https:\/\/www.sophiemore-naturo.fr\/#\/schema\/logo\/image\/","url":"https:\/\/www.sophiemore-naturo.fr\/wp-content\/uploads\/2024\/03\/44983131.png","contentUrl":"https:\/\/www.sophiemore-naturo.fr\/wp-content\/uploads\/2024\/03\/44983131.png","width":2000,"height":2000,"caption":"Sophie More Naturopathie Energ\u00e9tique"},"image":{"@id":"https:\/\/www.sophiemore-naturo.fr\/#\/schema\/logo\/image\/"},"sameAs":["https:\/\/www.facebook.com\/sophie.more.7169","https:\/\/www.instagram.com\/sophiemorenaturopathie\/"]}]}},"_links":{"self":[{"href":"https:\/\/www.sophiemore-naturo.fr\/index.php\/wp-json\/wp\/v2\/pages\/132","targetHints":{"allow":["GET"]}}],"collection":[{"href":"https:\/\/www.sophiemore-naturo.fr\/index.php\/wp-json\/wp\/v2\/pages"}],"about":[{"href":"https:\/\/www.sophiemore-naturo.fr\/index.php\/wp-json\/wp\/v2\/types\/page"}],"author":[{"embeddable":true,"href":"https:\/\/www.sophiemore-naturo.fr\/index.php\/wp-json\/wp\/v2\/users\/1"}],"replies":[{"embeddable":true,"href":"https:\/\/www.sophiemore-naturo.fr\/index.php\/wp-json\/wp\/v2\/comments?post=132"}],"version-history":[{"count":14,"href":"https:\/\/www.sophiemore-naturo.fr\/index.php\/wp-json\/wp\/v2\/pages\/132\/revisions"}],"predecessor-version":[{"id":174,"href":"https:\/\/www.sophiemore-naturo.fr\/index.php\/wp-json\/wp\/v2\/pages\/132\/revisions\/174"}],"wp:attachment":[{"href":"https:\/\/www.sophiemore-naturo.fr\/index.php\/wp-json\/wp\/v2\/media?parent=132"}],"curies":[{"name":"wp","href":"https:\/\/api.w.org\/{rel}","templated":true}]}}