{"id":176,"date":"2025-06-12T09:15:21","date_gmt":"2025-06-12T07:15:21","guid":{"rendered":"https:\/\/www.sophiemore-naturo.fr\/?page_id=176"},"modified":"2025-06-12T09:15:21","modified_gmt":"2025-06-12T07:15:21","slug":"mentions-legales","status":"publish","type":"page","link":"https:\/\/www.sophiemore-naturo.fr\/index.php\/mentions-legales\/","title":{"rendered":"Mentions L\u00e9gales"},"content":{"rendered":"\n<h2 class=\"wp-block-heading\">Pr\u00e9sentation du site internet.<\/h2>\n\n\n\n<p><strong>Micro Entreprise Sophie More Naturopathie \u00c9nerg\u00e9tique<\/strong><\/p>\n\n\n\n<p><strong>Praticienne en Naturopathie et M\u00e9decine Traditionnelle Chinoise<\/strong><\/p>\n\n\n\n<p><strong>N\u00b0SIRET&nbsp;:<\/strong><strong> 98510382900018<\/strong><\/p>\n\n\n\n<p><strong>Adresse : <\/strong><strong>899 Bd Denfert Rochereau, num\u00e9ro 9, 13300 Salon de Provence<\/strong><\/p>\n\n\n\n<p><strong>Mail : sophiemore.naturo<\/strong><strong>@gmail.com<\/strong><\/p>\n\n\n\n<p><strong>Propri\u00e9taire du site internet : Sophie MORE<\/strong><\/p>\n\n\n\n<p><strong>Responsable publication : Sophie MORE<\/strong><\/p>\n\n\n\n<p><strong>Cr\u00e9dit Photos&nbsp;: Sophie MORE<\/strong><\/p>\n\n\n\n<p><strong>H\u00e9bergeur : <\/strong><strong>OVH Groupe SA, soci\u00e9t\u00e9 immatricul\u00e9e au RCS de Lille, num\u00e9ro 537 407 926\/ &nbsp;2, rue Kellermann, 59100 Roubaix.<\/strong><\/p>\n\n\n\n<h2 class=\"wp-block-heading\">Conditions g\u00e9n\u00e9rales d\u2019utilisation du site et des services propos\u00e9s.<\/h2>\n\n\n\n<p>Le Site constitue une \u0153uvre de l\u2019esprit prot\u00e9g\u00e9e par les dispositions du Code de la Propri\u00e9t\u00e9 Intellectuelle et des R\u00e9glementations Internationales applicables. Le Client ne peut en aucune mani\u00e8re r\u00e9utiliser, c\u00e9der ou exploiter pour son propre compte tout ou partie des \u00e9l\u00e9ments ou travaux du Site.<\/p>\n\n\n\n<p>L\u2019utilisation du site&nbsp;<a href=\"https:\/\/www.alexandra-buteau.fr\/\">https:\/\/www.sophiemore-naturo.fr<\/a>&nbsp;implique l\u2019acceptation pleine et enti\u00e8re des conditions g\u00e9n\u00e9rales d\u2019utilisation ci-apr\u00e8s d\u00e9crites. Ces conditions d\u2019utilisation sont susceptibles d\u2019\u00eatre modifi\u00e9es ou compl\u00e9t\u00e9es \u00e0 tout moment, les utilisateurs du site&nbsp;<a href=\"https:\/\/www.alexandra-buteau.fr\/\">https:\/\/www.sophiemore-naturo.fr<\/a>&nbsp;sont donc invit\u00e9s \u00e0 les consulter de mani\u00e8re r\u00e9guli\u00e8re.<\/p>\n\n\n\n<p>Ce site internet est normalement accessible \u00e0 tout moment aux utilisateurs. Une interruption pour raison de maintenance technique peut \u00eatre toutefois d\u00e9cid\u00e9e par&nbsp;<a href=\"https:\/\/www.alexandra-buteau.fr\/\">https:\/\/www.sophiemore- naturo.fr<\/a>, qui s\u2019efforcera alors de communiquer pr\u00e9alablement aux utilisateurs les dates et heures de l\u2019intervention. Le site web&nbsp;<a href=\"https:\/\/www.alexandra-buteau.fr\/\">https:\/\/www.sophiemore-naturo.fr<\/a>&nbsp;est mis \u00e0 jour r\u00e9guli\u00e8rement par&nbsp;<a href=\"https:\/\/www.alexandra-buteau.fr\/\">https:\/\/www.sophiemore-naturo.fr<\/a>&nbsp;responsable. De la m\u00eame fa\u00e7on, les mentions l\u00e9gales peuvent \u00eatre modifi\u00e9es \u00e0 tout moment : elles s\u2019imposent n\u00e9anmoins \u00e0 l\u2019utilisateur qui est invit\u00e9 \u00e0 s\u2019y r\u00e9f\u00e9rer le plus souvent possible afin d\u2019en prendre connaissance.<\/p>\n\n\n\n<h2 class=\"wp-block-heading\">Description des services fournis.<\/h2>\n\n\n\n<p>Le site internet&nbsp;&nbsp;a pour objet de fournir une information concernant l\u2019ensemble des activit\u00e9s de la soci\u00e9t\u00e9.&nbsp;<a href=\"https:\/\/www.alexandra-buteau.fr\/\">https:\/\/www\/sophiemore-naturo.fr<\/a>&nbsp;s\u2019efforce de fournir sur le site&nbsp;<a href=\"https:\/\/www.alexandra-buteau.fr\/\">https:\/\/www\/sophiemore-naturo.fr<\/a>&nbsp;des informations aussi pr\u00e9cises que possible. Toutefois, il ne pourra \u00eatre tenu responsable des oublis, des inexactitudes et des carences dans la mise \u00e0 jour, qu\u2019elles soient de son fait ou du fait des tiers partenaires qui lui fournissent ces informations.<\/p>\n\n\n\n<p>Toutes les informations indiqu\u00e9es sur le site&nbsp;<a href=\"https:\/\/www.alexandra-buteau.fr\/\">https:\/\/www\/sophiemore-naturo.fr<\/a>&nbsp;sont donn\u00e9es \u00e0 titre indicatif, et sont susceptibles d\u2019\u00e9voluer. Par ailleurs, les renseignements figurant sur le site&nbsp;<a href=\"https:\/\/www.alexandra-buteau.fr\/\">https:\/\/www\/sophiemore-naturo.fr<\/a>&nbsp;ne sont pas exhaustifs. Ils sont donn\u00e9s sous r\u00e9serve de modifications ayant \u00e9t\u00e9 apport\u00e9es depuis leur mise en ligne.<\/p>\n\n\n\n<h2 class=\"wp-block-heading\">Propri\u00e9t\u00e9 intellectuelle et contrefa\u00e7ons.<\/h2>\n\n\n\n<p><a href=\"https:\/\/www.alexandra-buteau.fr\/\">https:\/\/www\/sophiemore-naturo.fr<\/a>&nbsp;est propri\u00e9taire des droits de propri\u00e9t\u00e9 intellectuelle et d\u00e9tient les droits d\u2019usage sur tous les \u00e9l\u00e9ments accessibles sur le site internet, notamment les textes, images, graphismes, logos, vid\u00e9os, ic\u00f4nes et sons. Toute reproduction, repr\u00e9sentation, modification, publication, adaptation de tout ou partie des \u00e9l\u00e9ments du site, quel que soit le moyen ou le proc\u00e9d\u00e9 utilis\u00e9, est interdite, sauf autorisation \u00e9crite pr\u00e9alable de :&nbsp;<a href=\"https:\/\/www.alexandra-buteau.fr\/\">https:\/\/www\/sophiemore-naturo.fr<\/a>.<\/p>\n\n\n\n<p>Toute exploitation non autoris\u00e9e du site ou de l\u2019un quelconque des \u00e9l\u00e9ments qu\u2019il contient sera consid\u00e9r\u00e9e comme constitutive d\u2019une contrefa\u00e7on et poursuivie conform\u00e9ment aux dispositions des articles L.335-2 et suivants du Code de Propri\u00e9t\u00e9 Intellectuelle.<\/p>\n","protected":false},"excerpt":{"rendered":"<p>Pr\u00e9sentation du site internet. Micro Entreprise Sophie More Naturopathie \u00c9nerg\u00e9tique Praticienne en Naturopathie et M\u00e9decine Traditionnelle Chinoise N\u00b0SIRET&nbsp;: 98510382900018 Adresse : 899 Bd Denfert Rochereau, num\u00e9ro 9, 13300 Salon de Provence Mail : sophiemore.naturo@gmail.com Propri\u00e9taire du site internet : Sophie MORE Responsable publication : Sophie MORE Cr\u00e9dit Photos&nbsp;: Sophie MORE H\u00e9bergeur : OVH Groupe SA, [&hellip;]<\/p>\n","protected":false},"author":1,"featured_media":0,"parent":0,"menu_order":0,"comment_status":"closed","ping_status":"closed","template":"","meta":{"footnotes":""},"class_list":["post-176","page","type-page","status-publish","hentry","entry"],"yoast_head":"<!-- This site is optimized with the Yoast SEO plugin v26.1.1 - https:\/\/yoast.com\/wordpress\/plugins\/seo\/ -->\n<title>Mentions L\u00e9gales - Prendre soin de soi au naturel<\/title>\n<meta name=\"robots\" content=\"index, follow, max-snippet:-1, max-image-preview:large, max-video-preview:-1\" \/>\n<link rel=\"canonical\" href=\"https:\/\/www.sophiemore-naturo.fr\/index.php\/mentions-legales\/\" \/>\n<meta property=\"og:locale\" content=\"fr_FR\" \/>\n<meta property=\"og:type\" content=\"article\" \/>\n<meta property=\"og:title\" content=\"Mentions L\u00e9gales - Prendre soin de soi au naturel\" \/>\n<meta property=\"og:description\" content=\"Pr\u00e9sentation du site internet. Micro Entreprise Sophie More Naturopathie \u00c9nerg\u00e9tique Praticienne en Naturopathie et M\u00e9decine Traditionnelle Chinoise N\u00b0SIRET&nbsp;: 98510382900018 Adresse : 899 Bd Denfert Rochereau, num\u00e9ro 9, 13300 Salon de Provence Mail : sophiemore.naturo@gmail.com Propri\u00e9taire du site internet : Sophie MORE Responsable publication : Sophie MORE Cr\u00e9dit Photos&nbsp;: Sophie MORE H\u00e9bergeur : OVH Groupe SA, [&hellip;]\" \/>\n<meta property=\"og:url\" content=\"https:\/\/www.sophiemore-naturo.fr\/index.php\/mentions-legales\/\" \/>\n<meta property=\"og:site_name\" content=\"Prendre soin de soi au naturel\" \/>\n<meta property=\"article:publisher\" content=\"https:\/\/www.facebook.com\/sophie.more.7169\" \/>\n<meta name=\"twitter:card\" content=\"summary_large_image\" \/>\n<meta name=\"twitter:label1\" content=\"Dur\u00e9e de lecture estim\u00e9e\" \/>\n\t<meta name=\"twitter:data1\" content=\"3 minutes\" \/>\n<script type=\"application\/ld+json\" class=\"yoast-schema-graph\">{\"@context\":\"https:\/\/schema.org\",\"@graph\":[{\"@type\":\"WebPage\",\"@id\":\"https:\/\/www.sophiemore-naturo.fr\/index.php\/mentions-legales\/\",\"url\":\"https:\/\/www.sophiemore-naturo.fr\/index.php\/mentions-legales\/\",\"name\":\"Mentions L\u00e9gales - Prendre soin de soi au naturel\",\"isPartOf\":{\"@id\":\"https:\/\/www.sophiemore-naturo.fr\/#website\"},\"datePublished\":\"2025-06-12T07:15:21+00:00\",\"breadcrumb\":{\"@id\":\"https:\/\/www.sophiemore-naturo.fr\/index.php\/mentions-legales\/#breadcrumb\"},\"inLanguage\":\"fr-FR\",\"potentialAction\":[{\"@type\":\"ReadAction\",\"target\":[\"https:\/\/www.sophiemore-naturo.fr\/index.php\/mentions-legales\/\"]}]},{\"@type\":\"BreadcrumbList\",\"@id\":\"https:\/\/www.sophiemore-naturo.fr\/index.php\/mentions-legales\/#breadcrumb\",\"itemListElement\":[{\"@type\":\"ListItem\",\"position\":1,\"name\":\"Accueil\",\"item\":\"https:\/\/www.sophiemore-naturo.fr\/\"},{\"@type\":\"ListItem\",\"position\":2,\"name\":\"Mentions L\u00e9gales\"}]},{\"@type\":\"WebSite\",\"@id\":\"https:\/\/www.sophiemore-naturo.fr\/#website\",\"url\":\"https:\/\/www.sophiemore-naturo.fr\/\",\"name\":\"Prendre soin de soi au naturel\",\"description\":\"Prendre soin de soi au naturel\",\"publisher\":{\"@id\":\"https:\/\/www.sophiemore-naturo.fr\/#organization\"},\"potentialAction\":[{\"@type\":\"SearchAction\",\"target\":{\"@type\":\"EntryPoint\",\"urlTemplate\":\"https:\/\/www.sophiemore-naturo.fr\/?s={search_term_string}\"},\"query-input\":{\"@type\":\"PropertyValueSpecification\",\"valueRequired\":true,\"valueName\":\"search_term_string\"}}],\"inLanguage\":\"fr-FR\"},{\"@type\":\"Organization\",\"@id\":\"https:\/\/www.sophiemore-naturo.fr\/#organization\",\"name\":\"Sophie More Naturopathie Energ\u00e9tique\",\"url\":\"https:\/\/www.sophiemore-naturo.fr\/\",\"logo\":{\"@type\":\"ImageObject\",\"inLanguage\":\"fr-FR\",\"@id\":\"https:\/\/www.sophiemore-naturo.fr\/#\/schema\/logo\/image\/\",\"url\":\"https:\/\/www.sophiemore-naturo.fr\/wp-content\/uploads\/2024\/03\/44983131.png\",\"contentUrl\":\"https:\/\/www.sophiemore-naturo.fr\/wp-content\/uploads\/2024\/03\/44983131.png\",\"width\":2000,\"height\":2000,\"caption\":\"Sophie More Naturopathie Energ\u00e9tique\"},\"image\":{\"@id\":\"https:\/\/www.sophiemore-naturo.fr\/#\/schema\/logo\/image\/\"},\"sameAs\":[\"https:\/\/www.facebook.com\/sophie.more.7169\",\"https:\/\/www.instagram.com\/sophiemorenaturopathie\/\"]}]}<\/script>\n<!-- \/ Yoast SEO plugin. -->","yoast_head_json":{"title":"Mentions L\u00e9gales - Prendre soin de soi au naturel","robots":{"index":"index","follow":"follow","max-snippet":"max-snippet:-1","max-image-preview":"max-image-preview:large","max-video-preview":"max-video-preview:-1"},"canonical":"https:\/\/www.sophiemore-naturo.fr\/index.php\/mentions-legales\/","og_locale":"fr_FR","og_type":"article","og_title":"Mentions L\u00e9gales - Prendre soin de soi au naturel","og_description":"Pr\u00e9sentation du site internet. Micro Entreprise Sophie More Naturopathie \u00c9nerg\u00e9tique Praticienne en Naturopathie et M\u00e9decine Traditionnelle Chinoise N\u00b0SIRET&nbsp;: 98510382900018 Adresse : 899 Bd Denfert Rochereau, num\u00e9ro 9, 13300 Salon de Provence Mail : sophiemore.naturo@gmail.com Propri\u00e9taire du site internet : Sophie MORE Responsable publication : Sophie MORE Cr\u00e9dit Photos&nbsp;: Sophie MORE H\u00e9bergeur : OVH Groupe SA, [&hellip;]","og_url":"https:\/\/www.sophiemore-naturo.fr\/index.php\/mentions-legales\/","og_site_name":"Prendre soin de soi au naturel","article_publisher":"https:\/\/www.facebook.com\/sophie.more.7169","twitter_card":"summary_large_image","twitter_misc":{"Dur\u00e9e de lecture estim\u00e9e":"3 minutes"},"schema":{"@context":"https:\/\/schema.org","@graph":[{"@type":"WebPage","@id":"https:\/\/www.sophiemore-naturo.fr\/index.php\/mentions-legales\/","url":"https:\/\/www.sophiemore-naturo.fr\/index.php\/mentions-legales\/","name":"Mentions L\u00e9gales - Prendre soin de soi au naturel","isPartOf":{"@id":"https:\/\/www.sophiemore-naturo.fr\/#website"},"datePublished":"2025-06-12T07:15:21+00:00","breadcrumb":{"@id":"https:\/\/www.sophiemore-naturo.fr\/index.php\/mentions-legales\/#breadcrumb"},"inLanguage":"fr-FR","potentialAction":[{"@type":"ReadAction","target":["https:\/\/www.sophiemore-naturo.fr\/index.php\/mentions-legales\/"]}]},{"@type":"BreadcrumbList","@id":"https:\/\/www.sophiemore-naturo.fr\/index.php\/mentions-legales\/#breadcrumb","itemListElement":[{"@type":"ListItem","position":1,"name":"Accueil","item":"https:\/\/www.sophiemore-naturo.fr\/"},{"@type":"ListItem","position":2,"name":"Mentions L\u00e9gales"}]},{"@type":"WebSite","@id":"https:\/\/www.sophiemore-naturo.fr\/#website","url":"https:\/\/www.sophiemore-naturo.fr\/","name":"Prendre soin de soi au naturel","description":"Prendre soin de soi au naturel","publisher":{"@id":"https:\/\/www.sophiemore-naturo.fr\/#organization"},"potentialAction":[{"@type":"SearchAction","target":{"@type":"EntryPoint","urlTemplate":"https:\/\/www.sophiemore-naturo.fr\/?s={search_term_string}"},"query-input":{"@type":"PropertyValueSpecification","valueRequired":true,"valueName":"search_term_string"}}],"inLanguage":"fr-FR"},{"@type":"Organization","@id":"https:\/\/www.sophiemore-naturo.fr\/#organization","name":"Sophie More Naturopathie Energ\u00e9tique","url":"https:\/\/www.sophiemore-naturo.fr\/","logo":{"@type":"ImageObject","inLanguage":"fr-FR","@id":"https:\/\/www.sophiemore-naturo.fr\/#\/schema\/logo\/image\/","url":"https:\/\/www.sophiemore-naturo.fr\/wp-content\/uploads\/2024\/03\/44983131.png","contentUrl":"https:\/\/www.sophiemore-naturo.fr\/wp-content\/uploads\/2024\/03\/44983131.png","width":2000,"height":2000,"caption":"Sophie More Naturopathie Energ\u00e9tique"},"image":{"@id":"https:\/\/www.sophiemore-naturo.fr\/#\/schema\/logo\/image\/"},"sameAs":["https:\/\/www.facebook.com\/sophie.more.7169","https:\/\/www.instagram.com\/sophiemorenaturopathie\/"]}]}},"_links":{"self":[{"href":"https:\/\/www.sophiemore-naturo.fr\/index.php\/wp-json\/wp\/v2\/pages\/176","targetHints":{"allow":["GET"]}}],"collection":[{"href":"https:\/\/www.sophiemore-naturo.fr\/index.php\/wp-json\/wp\/v2\/pages"}],"about":[{"href":"https:\/\/www.sophiemore-naturo.fr\/index.php\/wp-json\/wp\/v2\/types\/page"}],"author":[{"embeddable":true,"href":"https:\/\/www.sophiemore-naturo.fr\/index.php\/wp-json\/wp\/v2\/users\/1"}],"replies":[{"embeddable":true,"href":"https:\/\/www.sophiemore-naturo.fr\/index.php\/wp-json\/wp\/v2\/comments?post=176"}],"version-history":[{"count":1,"href":"https:\/\/www.sophiemore-naturo.fr\/index.php\/wp-json\/wp\/v2\/pages\/176\/revisions"}],"predecessor-version":[{"id":177,"href":"https:\/\/www.sophiemore-naturo.fr\/index.php\/wp-json\/wp\/v2\/pages\/176\/revisions\/177"}],"wp:attachment":[{"href":"https:\/\/www.sophiemore-naturo.fr\/index.php\/wp-json\/wp\/v2\/media?parent=176"}],"curies":[{"name":"wp","href":"https:\/\/api.w.org\/{rel}","templated":true}]}}