{"id":46,"date":"2024-03-22T22:37:16","date_gmt":"2024-03-22T21:37:16","guid":{"rendered":"https:\/\/www.sophiemore-naturo.fr\/?page_id=46"},"modified":"2025-09-26T13:25:22","modified_gmt":"2025-09-26T11:25:22","slug":"un-peu-de-moi","status":"publish","type":"page","link":"https:\/\/www.sophiemore-naturo.fr\/index.php\/un-peu-de-moi\/","title":{"rendered":"Un peu de moi &#8230;"},"content":{"rendered":"\n<div class=\"wp-block-columns is-layout-flex wp-container-core-columns-is-layout-9d6595d7 wp-block-columns-is-layout-flex\">\n<div class=\"wp-block-column is-layout-flow wp-block-column-is-layout-flow\">\n<figure class=\"wp-block-image size-large is-resized\"><img loading=\"lazy\" decoding=\"async\" width=\"999\" height=\"1024\" src=\"https:\/\/www.sophiemore-naturo.fr\/wp-content\/uploads\/2025\/09\/IMG_7630-recadree-portrait-999x1024.jpg\" alt=\"\" class=\"wp-image-207\" style=\"width:406px;height:auto\" srcset=\"https:\/\/www.sophiemore-naturo.fr\/wp-content\/uploads\/2025\/09\/IMG_7630-recadree-portrait-999x1024.jpg 999w, https:\/\/www.sophiemore-naturo.fr\/wp-content\/uploads\/2025\/09\/IMG_7630-recadree-portrait-293x300.jpg 293w, https:\/\/www.sophiemore-naturo.fr\/wp-content\/uploads\/2025\/09\/IMG_7630-recadree-portrait-768x787.jpg 768w, https:\/\/www.sophiemore-naturo.fr\/wp-content\/uploads\/2025\/09\/IMG_7630-recadree-portrait-1498x1536.jpg 1498w, https:\/\/www.sophiemore-naturo.fr\/wp-content\/uploads\/2025\/09\/IMG_7630-recadree-portrait-1997x2048.jpg 1997w\" sizes=\"auto, (max-width: 999px) 100vw, 999px\" \/><\/figure>\n<\/div>\n\n\n\n<div class=\"wp-block-column is-layout-flow wp-block-column-is-layout-flow\">\n<h2 class=\"wp-block-heading\">L&rsquo;amour de la nature, n\u00e9 dans l&rsquo;enfance.<\/h2>\n\n\n\n<p>J&rsquo;ai eu la chance de grandir au plein air, au pied du Mt Ventoux, dans un lieu bord\u00e9 de nature et d&rsquo;espace.<\/p>\n\n\n\n<p>Petite apr\u00e8s l\u2019\u00e9cole, je passais du temps avec mes fr\u00e8res chez notre grand-m\u00e8re paternelle. Dans son jardin \u00e0 observer et commenter les plantes et les fleurs qu\u2019elle faisait pousser \u00e0 partir de graines ou de boutures qu\u2019elle r\u00e9cup\u00e9rait lors de ses balades.<\/p>\n\n\n\n<p>Parfois, nous allions dans la boutique de son amie Gilberte,  herboriste. (Probablement l\u2019une des derni\u00e8res herboristes en France, telle que la profession existait auparavant). J&rsquo;\u00e9tais fascin\u00e9e par sa boutique regorgeant de boites et de pots contenant plantes s\u00e9ch\u00e9es, graines ou encore racines de r\u00e9glisse.<\/p>\n\n\n\n<p>Nos parents se sont toujours efforc\u00e9s de nous soigner par des m\u00e9thodes naturelles lorsque cela \u00e9tait possible.<\/p>\n\n\n\n<p>On toussait&nbsp;? Vite un cataplasme \u00e0 la farine de lin.<\/p>\n\n\n\n<p>Une crise de foie apr\u00e8s les chocolats de No\u00ebl&nbsp;? Quelques jours de di\u00e8te et des granul\u00e9s de charbon v\u00e9g\u00e9tal \u00e0 croquer&nbsp;!<\/p>\n\n\n\n<p>Maintenant, vous accompagner dans votre sant\u00e9 et votre bien \u00eatre en vous proposant des m\u00e9thodes naturelles m\u2019appara\u00eet comme \u00e9vident.<\/p>\n\n\n\n<p><\/p>\n<\/div>\n<\/div>\n\n\n\n<h2 class=\"wp-block-heading\">Aujourd&rsquo;hui<\/h2>\n\n\n\n<p>Je suis port\u00e9e par l\u2019id\u00e9e que la vie nous r\u00e9serve bien des tr\u00e9sors cach\u00e9s, mais que trop souvent nous ne pouvons pas les voir tant nous sommes coup\u00e9s de nos intuitions.<br>Alors en 2022, j\u2019ai d\u00e9cid\u00e9 de me faire confiance et de faire le premier pas du chemin vers la nouvelle vie professionnelle que j\u2019imaginais depuis plusieurs ann\u00e9es.<\/p>\n\n\n\n<p>J&rsquo;ai donc suivi une formation bi-disciplinaire en Naturopathie et en M\u00e9decine Traditionnelle Chinoise, afin de vous proposer aujourd&rsquo;hui une m\u00e9thode d&rsquo;accompagnement bas\u00e9e sur la synergie de ces deux disciplines, adapt\u00e9e \u00e0 votre besoin et \u00e0 votre personne.<\/p>\n\n\n\n<p><\/p>\n","protected":false},"excerpt":{"rendered":"<p>L&rsquo;amour de la nature, n\u00e9 dans l&rsquo;enfance. J&rsquo;ai eu la chance de grandir au plein air, au pied du Mt Ventoux, dans un lieu bord\u00e9 de nature et d&rsquo;espace. Petite apr\u00e8s l\u2019\u00e9cole, je passais du temps avec mes fr\u00e8res chez notre grand-m\u00e8re paternelle. Dans son jardin \u00e0 observer et commenter les plantes et les fleurs [&hellip;]<\/p>\n","protected":false},"author":1,"featured_media":0,"parent":0,"menu_order":0,"comment_status":"closed","ping_status":"closed","template":"","meta":{"footnotes":""},"class_list":["post-46","page","type-page","status-publish","hentry","entry"],"yoast_head":"<!-- This site is optimized with the Yoast SEO plugin v26.1.1 - https:\/\/yoast.com\/wordpress\/plugins\/seo\/ -->\n<title>Un peu de moi ... - Prendre soin de soi au naturel<\/title>\n<meta name=\"robots\" content=\"index, follow, max-snippet:-1, max-image-preview:large, max-video-preview:-1\" \/>\n<link rel=\"canonical\" href=\"https:\/\/www.sophiemore-naturo.fr\/index.php\/un-peu-de-moi\/\" \/>\n<meta property=\"og:locale\" content=\"fr_FR\" \/>\n<meta property=\"og:type\" content=\"article\" \/>\n<meta property=\"og:title\" content=\"Un peu de moi ... - Prendre soin de soi au naturel\" \/>\n<meta property=\"og:description\" content=\"L&rsquo;amour de la nature, n\u00e9 dans l&rsquo;enfance. J&rsquo;ai eu la chance de grandir au plein air, au pied du Mt Ventoux, dans un lieu bord\u00e9 de nature et d&rsquo;espace. Petite apr\u00e8s l\u2019\u00e9cole, je passais du temps avec mes fr\u00e8res chez notre grand-m\u00e8re paternelle. Dans son jardin \u00e0 observer et commenter les plantes et les fleurs [&hellip;]\" \/>\n<meta property=\"og:url\" content=\"https:\/\/www.sophiemore-naturo.fr\/index.php\/un-peu-de-moi\/\" \/>\n<meta property=\"og:site_name\" content=\"Prendre soin de soi au naturel\" \/>\n<meta property=\"article:publisher\" content=\"https:\/\/www.facebook.com\/sophie.more.7169\" \/>\n<meta property=\"article:modified_time\" content=\"2025-09-26T11:25:22+00:00\" \/>\n<meta property=\"og:image\" content=\"https:\/\/www.sophiemore-naturo.fr\/wp-content\/uploads\/2025\/09\/IMG_7630-recadree-portrait.jpg\" \/>\n\t<meta property=\"og:image:width\" content=\"2130\" \/>\n\t<meta property=\"og:image:height\" content=\"2184\" \/>\n\t<meta property=\"og:image:type\" content=\"image\/jpeg\" \/>\n<meta name=\"twitter:card\" content=\"summary_large_image\" \/>\n<meta name=\"twitter:label1\" content=\"Dur\u00e9e de lecture estim\u00e9e\" \/>\n\t<meta name=\"twitter:data1\" content=\"2 minutes\" \/>\n<script type=\"application\/ld+json\" class=\"yoast-schema-graph\">{\"@context\":\"https:\/\/schema.org\",\"@graph\":[{\"@type\":\"WebPage\",\"@id\":\"https:\/\/www.sophiemore-naturo.fr\/index.php\/un-peu-de-moi\/\",\"url\":\"https:\/\/www.sophiemore-naturo.fr\/index.php\/un-peu-de-moi\/\",\"name\":\"Un peu de moi ... - Prendre soin de soi au naturel\",\"isPartOf\":{\"@id\":\"https:\/\/www.sophiemore-naturo.fr\/#website\"},\"primaryImageOfPage\":{\"@id\":\"https:\/\/www.sophiemore-naturo.fr\/index.php\/un-peu-de-moi\/#primaryimage\"},\"image\":{\"@id\":\"https:\/\/www.sophiemore-naturo.fr\/index.php\/un-peu-de-moi\/#primaryimage\"},\"thumbnailUrl\":\"https:\/\/www.sophiemore-naturo.fr\/wp-content\/uploads\/2025\/09\/IMG_7630-recadree-portrait-999x1024.jpg\",\"datePublished\":\"2024-03-22T21:37:16+00:00\",\"dateModified\":\"2025-09-26T11:25:22+00:00\",\"breadcrumb\":{\"@id\":\"https:\/\/www.sophiemore-naturo.fr\/index.php\/un-peu-de-moi\/#breadcrumb\"},\"inLanguage\":\"fr-FR\",\"potentialAction\":[{\"@type\":\"ReadAction\",\"target\":[\"https:\/\/www.sophiemore-naturo.fr\/index.php\/un-peu-de-moi\/\"]}]},{\"@type\":\"ImageObject\",\"inLanguage\":\"fr-FR\",\"@id\":\"https:\/\/www.sophiemore-naturo.fr\/index.php\/un-peu-de-moi\/#primaryimage\",\"url\":\"https:\/\/www.sophiemore-naturo.fr\/wp-content\/uploads\/2025\/09\/IMG_7630-recadree-portrait.jpg\",\"contentUrl\":\"https:\/\/www.sophiemore-naturo.fr\/wp-content\/uploads\/2025\/09\/IMG_7630-recadree-portrait.jpg\",\"width\":2130,\"height\":2184},{\"@type\":\"BreadcrumbList\",\"@id\":\"https:\/\/www.sophiemore-naturo.fr\/index.php\/un-peu-de-moi\/#breadcrumb\",\"itemListElement\":[{\"@type\":\"ListItem\",\"position\":1,\"name\":\"Accueil\",\"item\":\"https:\/\/www.sophiemore-naturo.fr\/\"},{\"@type\":\"ListItem\",\"position\":2,\"name\":\"Un peu de moi &#8230;\"}]},{\"@type\":\"WebSite\",\"@id\":\"https:\/\/www.sophiemore-naturo.fr\/#website\",\"url\":\"https:\/\/www.sophiemore-naturo.fr\/\",\"name\":\"Prendre soin de soi au naturel\",\"description\":\"Prendre soin de soi au naturel\",\"publisher\":{\"@id\":\"https:\/\/www.sophiemore-naturo.fr\/#organization\"},\"potentialAction\":[{\"@type\":\"SearchAction\",\"target\":{\"@type\":\"EntryPoint\",\"urlTemplate\":\"https:\/\/www.sophiemore-naturo.fr\/?s={search_term_string}\"},\"query-input\":{\"@type\":\"PropertyValueSpecification\",\"valueRequired\":true,\"valueName\":\"search_term_string\"}}],\"inLanguage\":\"fr-FR\"},{\"@type\":\"Organization\",\"@id\":\"https:\/\/www.sophiemore-naturo.fr\/#organization\",\"name\":\"Sophie More Naturopathie Energ\u00e9tique\",\"url\":\"https:\/\/www.sophiemore-naturo.fr\/\",\"logo\":{\"@type\":\"ImageObject\",\"inLanguage\":\"fr-FR\",\"@id\":\"https:\/\/www.sophiemore-naturo.fr\/#\/schema\/logo\/image\/\",\"url\":\"https:\/\/www.sophiemore-naturo.fr\/wp-content\/uploads\/2024\/03\/44983131.png\",\"contentUrl\":\"https:\/\/www.sophiemore-naturo.fr\/wp-content\/uploads\/2024\/03\/44983131.png\",\"width\":2000,\"height\":2000,\"caption\":\"Sophie More Naturopathie Energ\u00e9tique\"},\"image\":{\"@id\":\"https:\/\/www.sophiemore-naturo.fr\/#\/schema\/logo\/image\/\"},\"sameAs\":[\"https:\/\/www.facebook.com\/sophie.more.7169\",\"https:\/\/www.instagram.com\/sophiemorenaturopathie\/\"]}]}<\/script>\n<!-- \/ Yoast SEO plugin. -->","yoast_head_json":{"title":"Un peu de moi ... - Prendre soin de soi au naturel","robots":{"index":"index","follow":"follow","max-snippet":"max-snippet:-1","max-image-preview":"max-image-preview:large","max-video-preview":"max-video-preview:-1"},"canonical":"https:\/\/www.sophiemore-naturo.fr\/index.php\/un-peu-de-moi\/","og_locale":"fr_FR","og_type":"article","og_title":"Un peu de moi ... - Prendre soin de soi au naturel","og_description":"L&rsquo;amour de la nature, n\u00e9 dans l&rsquo;enfance. J&rsquo;ai eu la chance de grandir au plein air, au pied du Mt Ventoux, dans un lieu bord\u00e9 de nature et d&rsquo;espace. Petite apr\u00e8s l\u2019\u00e9cole, je passais du temps avec mes fr\u00e8res chez notre grand-m\u00e8re paternelle. Dans son jardin \u00e0 observer et commenter les plantes et les fleurs [&hellip;]","og_url":"https:\/\/www.sophiemore-naturo.fr\/index.php\/un-peu-de-moi\/","og_site_name":"Prendre soin de soi au naturel","article_publisher":"https:\/\/www.facebook.com\/sophie.more.7169","article_modified_time":"2025-09-26T11:25:22+00:00","og_image":[{"width":2130,"height":2184,"url":"https:\/\/www.sophiemore-naturo.fr\/wp-content\/uploads\/2025\/09\/IMG_7630-recadree-portrait.jpg","type":"image\/jpeg"}],"twitter_card":"summary_large_image","twitter_misc":{"Dur\u00e9e de lecture estim\u00e9e":"2 minutes"},"schema":{"@context":"https:\/\/schema.org","@graph":[{"@type":"WebPage","@id":"https:\/\/www.sophiemore-naturo.fr\/index.php\/un-peu-de-moi\/","url":"https:\/\/www.sophiemore-naturo.fr\/index.php\/un-peu-de-moi\/","name":"Un peu de moi ... - Prendre soin de soi au naturel","isPartOf":{"@id":"https:\/\/www.sophiemore-naturo.fr\/#website"},"primaryImageOfPage":{"@id":"https:\/\/www.sophiemore-naturo.fr\/index.php\/un-peu-de-moi\/#primaryimage"},"image":{"@id":"https:\/\/www.sophiemore-naturo.fr\/index.php\/un-peu-de-moi\/#primaryimage"},"thumbnailUrl":"https:\/\/www.sophiemore-naturo.fr\/wp-content\/uploads\/2025\/09\/IMG_7630-recadree-portrait-999x1024.jpg","datePublished":"2024-03-22T21:37:16+00:00","dateModified":"2025-09-26T11:25:22+00:00","breadcrumb":{"@id":"https:\/\/www.sophiemore-naturo.fr\/index.php\/un-peu-de-moi\/#breadcrumb"},"inLanguage":"fr-FR","potentialAction":[{"@type":"ReadAction","target":["https:\/\/www.sophiemore-naturo.fr\/index.php\/un-peu-de-moi\/"]}]},{"@type":"ImageObject","inLanguage":"fr-FR","@id":"https:\/\/www.sophiemore-naturo.fr\/index.php\/un-peu-de-moi\/#primaryimage","url":"https:\/\/www.sophiemore-naturo.fr\/wp-content\/uploads\/2025\/09\/IMG_7630-recadree-portrait.jpg","contentUrl":"https:\/\/www.sophiemore-naturo.fr\/wp-content\/uploads\/2025\/09\/IMG_7630-recadree-portrait.jpg","width":2130,"height":2184},{"@type":"BreadcrumbList","@id":"https:\/\/www.sophiemore-naturo.fr\/index.php\/un-peu-de-moi\/#breadcrumb","itemListElement":[{"@type":"ListItem","position":1,"name":"Accueil","item":"https:\/\/www.sophiemore-naturo.fr\/"},{"@type":"ListItem","position":2,"name":"Un peu de moi &#8230;"}]},{"@type":"WebSite","@id":"https:\/\/www.sophiemore-naturo.fr\/#website","url":"https:\/\/www.sophiemore-naturo.fr\/","name":"Prendre soin de soi au naturel","description":"Prendre soin de soi au naturel","publisher":{"@id":"https:\/\/www.sophiemore-naturo.fr\/#organization"},"potentialAction":[{"@type":"SearchAction","target":{"@type":"EntryPoint","urlTemplate":"https:\/\/www.sophiemore-naturo.fr\/?s={search_term_string}"},"query-input":{"@type":"PropertyValueSpecification","valueRequired":true,"valueName":"search_term_string"}}],"inLanguage":"fr-FR"},{"@type":"Organization","@id":"https:\/\/www.sophiemore-naturo.fr\/#organization","name":"Sophie More Naturopathie Energ\u00e9tique","url":"https:\/\/www.sophiemore-naturo.fr\/","logo":{"@type":"ImageObject","inLanguage":"fr-FR","@id":"https:\/\/www.sophiemore-naturo.fr\/#\/schema\/logo\/image\/","url":"https:\/\/www.sophiemore-naturo.fr\/wp-content\/uploads\/2024\/03\/44983131.png","contentUrl":"https:\/\/www.sophiemore-naturo.fr\/wp-content\/uploads\/2024\/03\/44983131.png","width":2000,"height":2000,"caption":"Sophie More Naturopathie Energ\u00e9tique"},"image":{"@id":"https:\/\/www.sophiemore-naturo.fr\/#\/schema\/logo\/image\/"},"sameAs":["https:\/\/www.facebook.com\/sophie.more.7169","https:\/\/www.instagram.com\/sophiemorenaturopathie\/"]}]}},"_links":{"self":[{"href":"https:\/\/www.sophiemore-naturo.fr\/index.php\/wp-json\/wp\/v2\/pages\/46","targetHints":{"allow":["GET"]}}],"collection":[{"href":"https:\/\/www.sophiemore-naturo.fr\/index.php\/wp-json\/wp\/v2\/pages"}],"about":[{"href":"https:\/\/www.sophiemore-naturo.fr\/index.php\/wp-json\/wp\/v2\/types\/page"}],"author":[{"embeddable":true,"href":"https:\/\/www.sophiemore-naturo.fr\/index.php\/wp-json\/wp\/v2\/users\/1"}],"replies":[{"embeddable":true,"href":"https:\/\/www.sophiemore-naturo.fr\/index.php\/wp-json\/wp\/v2\/comments?post=46"}],"version-history":[{"count":10,"href":"https:\/\/www.sophiemore-naturo.fr\/index.php\/wp-json\/wp\/v2\/pages\/46\/revisions"}],"predecessor-version":[{"id":208,"href":"https:\/\/www.sophiemore-naturo.fr\/index.php\/wp-json\/wp\/v2\/pages\/46\/revisions\/208"}],"wp:attachment":[{"href":"https:\/\/www.sophiemore-naturo.fr\/index.php\/wp-json\/wp\/v2\/media?parent=46"}],"curies":[{"name":"wp","href":"https:\/\/api.w.org\/{rel}","templated":true}]}}