{"id":67,"date":"2024-03-22T22:37:46","date_gmt":"2024-03-22T21:37:46","guid":{"rendered":"https:\/\/www.sophiemore-naturo.fr\/?page_id=67"},"modified":"2025-10-09T15:38:26","modified_gmt":"2025-10-09T13:38:26","slug":"ce-que-je-vous-propose","status":"publish","type":"page","link":"https:\/\/www.sophiemore-naturo.fr\/","title":{"rendered":"Bienvenue !"},"content":{"rendered":"\n<p>Afin de vous guider pour (re)trouver<strong> \u00e9quilibre, harmonie et \u00e9nergie <\/strong>je vous propose un <strong>accompagnement personnalis\u00e9<\/strong> alliant les techniques et approches de la <strong>Naturopathie <\/strong>et de la <strong>M\u00e9decine Traditionnelle Chinoise<\/strong>. <\/p>\n\n\n\n<p>Dans chacune de ces deux disciplines, le but est de traiter la ou les causes des d\u00e9s\u00e9quilibres ressentis, et ne pas seulement traiter les sympt\u00f4mes constat\u00e9s. <\/p>\n\n\n\n<p><strong>\u00ab\u00a0Compl\u00e9mentarit\u00e9 et Synergie\u00a0\u00bb<\/strong> ,  voici ma vision de la pratique que je propose. <\/p>\n\n\n\n<figure class=\"wp-block-image size-large\"><img loading=\"lazy\" decoding=\"async\" width=\"2560\" height=\"1440\" src=\"https:\/\/www.sophiemore-naturo.fr\/wp-content\/uploads\/2024\/03\/20220515_104719-1-edited-2-scaled.jpg\" alt=\"\" class=\"wp-image-88\" srcset=\"https:\/\/www.sophiemore-naturo.fr\/wp-content\/uploads\/2024\/03\/20220515_104719-1-edited-2-scaled.jpg 2560w, https:\/\/www.sophiemore-naturo.fr\/wp-content\/uploads\/2024\/03\/20220515_104719-1-edited-2-300x169.jpg 300w, https:\/\/www.sophiemore-naturo.fr\/wp-content\/uploads\/2024\/03\/20220515_104719-1-edited-2-1024x576.jpg 1024w, https:\/\/www.sophiemore-naturo.fr\/wp-content\/uploads\/2024\/03\/20220515_104719-1-edited-2-768x432.jpg 768w, https:\/\/www.sophiemore-naturo.fr\/wp-content\/uploads\/2024\/03\/20220515_104719-1-edited-2-1536x864.jpg 1536w, https:\/\/www.sophiemore-naturo.fr\/wp-content\/uploads\/2024\/03\/20220515_104719-1-edited-2-2048x1152.jpg 2048w, https:\/\/www.sophiemore-naturo.fr\/wp-content\/uploads\/2024\/03\/20220515_104719-1-edited-2-800x450.jpg 800w\" sizes=\"auto, (max-width: 2560px) 100vw, 2560px\" \/><\/figure>\n\n\n\n<div class=\"wp-block-columns is-layout-flex wp-container-core-columns-is-layout-9d6595d7 wp-block-columns-is-layout-flex\">\n<div class=\"wp-block-column is-layout-flow wp-block-column-is-layout-flow\">\n<p>Selon votre besoin, je vous conseillerai en:<\/p>\n\n\n\n<ul class=\"wp-block-list\">\n<li> <strong>Phytoth\u00e9rapie<\/strong><\/li>\n\n\n\n<li><strong>Fleurs de Bach et Deva<\/strong><\/li>\n\n\n\n<li><strong>Gemmoth\u00e9rapie<\/strong><\/li>\n\n\n\n<li><strong>Aromath\u00e9rapie<\/strong><\/li>\n<\/ul>\n\n\n\n<ul class=\"wp-block-list\"><\/ul>\n\n\n\n<ul class=\"wp-block-list\"><\/ul>\n\n\n\n<ul class=\"wp-block-list\"><\/ul>\n\n\n\n<ul class=\"wp-block-list\"><\/ul>\n<\/div>\n\n\n\n<div class=\"wp-block-column is-layout-flow wp-block-column-is-layout-flow\">\n<blockquote class=\"wp-block-quote is-layout-flow wp-block-quote-is-layout-flow\">\n<p><\/p>\n\n\n\n<p><em>\u00a0\u00bb Les fleurs gu\u00e9rissent, non pas en attaquant la maladie, mais en inondant notre corps des belles vibrations de notre Nature Sup\u00e9rieure, devant laquelle la maladie dispara\u00eet comme neige au soleil<u>\u00a0\u00bb&nbsp;Dr Edward Bach<\/u><\/em><\/p>\n<\/blockquote>\n<\/div>\n\n\n\n<div class=\"wp-block-column is-layout-flow wp-block-column-is-layout-flow\">\n<p>Je pourrai \u00e9galement apporter un soutien en cabinet avec les techniques suivantes:<\/p>\n\n\n\n<ul class=\"wp-block-list\">\n<li><strong>Acupression<\/strong> <\/li>\n\n\n\n<li><strong>Moxibustion<\/strong><\/li>\n\n\n\n<li><strong>Auriculoth\u00e9rapie<\/strong><\/li>\n\n\n\n<li><strong>R\u00e9flexologie Plantaire<\/strong><\/li>\n\n\n\n<li><strong>Qi Nei Tsang<\/strong><\/li>\n<\/ul>\n\n\n\n<ul class=\"wp-block-list\"><\/ul>\n<\/div>\n<\/div>\n\n\n\n<p><\/p>\n","protected":false},"excerpt":{"rendered":"<p>Afin de vous guider pour (re)trouver \u00e9quilibre, harmonie et \u00e9nergie je vous propose un accompagnement personnalis\u00e9 alliant les techniques et approches de la Naturopathie et de la M\u00e9decine Traditionnelle Chinoise. Dans chacune de ces deux disciplines, le but est de traiter la ou les causes des d\u00e9s\u00e9quilibres ressentis, et ne pas seulement traiter les sympt\u00f4mes [&hellip;]<\/p>\n","protected":false},"author":1,"featured_media":0,"parent":0,"menu_order":0,"comment_status":"closed","ping_status":"closed","template":"","meta":{"footnotes":""},"class_list":["post-67","page","type-page","status-publish","hentry","entry"],"yoast_head":"<!-- This site is optimized with the Yoast SEO plugin v26.1.1 - https:\/\/yoast.com\/wordpress\/plugins\/seo\/ -->\n<title>Bienvenue ! - Prendre soin de soi au naturel<\/title>\n<meta name=\"description\" content=\"Sophie More, naturopathe sp\u00e9cialis\u00e9e en \u00e9nerg\u00e9tique chinoise, r\u00e9flexologie plantaire et visc\u00e9rale (Qi Nei Tsang). Accompagnement personnalis\u00e9 bas\u00e9 sur des soins et m\u00e9thodes naturelles.\" \/>\n<meta name=\"robots\" content=\"index, follow, max-snippet:-1, max-image-preview:large, max-video-preview:-1\" \/>\n<link rel=\"canonical\" href=\"https:\/\/www.sophiemore-naturo.fr\/\" \/>\n<meta property=\"og:locale\" content=\"fr_FR\" \/>\n<meta property=\"og:type\" content=\"article\" \/>\n<meta property=\"og:title\" content=\"Bienvenue ! - Prendre soin de soi au naturel\" \/>\n<meta property=\"og:description\" content=\"Sophie More, naturopathe sp\u00e9cialis\u00e9e en \u00e9nerg\u00e9tique chinoise, r\u00e9flexologie plantaire et visc\u00e9rale (Qi Nei Tsang). Accompagnement personnalis\u00e9 bas\u00e9 sur des soins et m\u00e9thodes naturelles.\" \/>\n<meta property=\"og:url\" content=\"https:\/\/www.sophiemore-naturo.fr\/\" \/>\n<meta property=\"og:site_name\" content=\"Prendre soin de soi au naturel\" \/>\n<meta property=\"article:publisher\" content=\"https:\/\/www.facebook.com\/sophie.more.7169\" \/>\n<meta property=\"article:modified_time\" content=\"2025-10-09T13:38:26+00:00\" \/>\n<meta property=\"og:image\" content=\"https:\/\/www.sophiemore-naturo.fr\/wp-content\/uploads\/2024\/03\/20220515_104719-1-edited-2-scaled.jpg\" \/>\n\t<meta property=\"og:image:width\" content=\"2560\" \/>\n\t<meta property=\"og:image:height\" content=\"1440\" \/>\n\t<meta property=\"og:image:type\" content=\"image\/jpeg\" \/>\n<meta name=\"twitter:card\" content=\"summary_large_image\" \/>\n<meta name=\"twitter:label1\" content=\"Dur\u00e9e de lecture estim\u00e9e\" \/>\n\t<meta name=\"twitter:data1\" content=\"1 minute\" \/>\n<script type=\"application\/ld+json\" class=\"yoast-schema-graph\">{\"@context\":\"https:\/\/schema.org\",\"@graph\":[{\"@type\":\"WebPage\",\"@id\":\"https:\/\/www.sophiemore-naturo.fr\/\",\"url\":\"https:\/\/www.sophiemore-naturo.fr\/\",\"name\":\"Bienvenue ! - Prendre soin de soi au naturel\",\"isPartOf\":{\"@id\":\"https:\/\/www.sophiemore-naturo.fr\/#website\"},\"primaryImageOfPage\":{\"@id\":\"https:\/\/www.sophiemore-naturo.fr\/#primaryimage\"},\"image\":{\"@id\":\"https:\/\/www.sophiemore-naturo.fr\/#primaryimage\"},\"thumbnailUrl\":\"https:\/\/www.sophiemore-naturo.fr\/wp-content\/uploads\/2024\/03\/20220515_104719-1-edited-2-scaled.jpg\",\"datePublished\":\"2024-03-22T21:37:46+00:00\",\"dateModified\":\"2025-10-09T13:38:26+00:00\",\"description\":\"Sophie More, naturopathe sp\u00e9cialis\u00e9e en \u00e9nerg\u00e9tique chinoise, r\u00e9flexologie plantaire et visc\u00e9rale (Qi Nei Tsang). Accompagnement personnalis\u00e9 bas\u00e9 sur des soins et m\u00e9thodes naturelles.\",\"breadcrumb\":{\"@id\":\"https:\/\/www.sophiemore-naturo.fr\/#breadcrumb\"},\"inLanguage\":\"fr-FR\",\"potentialAction\":[{\"@type\":\"ReadAction\",\"target\":[\"https:\/\/www.sophiemore-naturo.fr\/\"]}]},{\"@type\":\"ImageObject\",\"inLanguage\":\"fr-FR\",\"@id\":\"https:\/\/www.sophiemore-naturo.fr\/#primaryimage\",\"url\":\"https:\/\/www.sophiemore-naturo.fr\/wp-content\/uploads\/2024\/03\/20220515_104719-1-edited-2-scaled.jpg\",\"contentUrl\":\"https:\/\/www.sophiemore-naturo.fr\/wp-content\/uploads\/2024\/03\/20220515_104719-1-edited-2-scaled.jpg\",\"width\":2560,\"height\":1440},{\"@type\":\"BreadcrumbList\",\"@id\":\"https:\/\/www.sophiemore-naturo.fr\/#breadcrumb\",\"itemListElement\":[{\"@type\":\"ListItem\",\"position\":1,\"name\":\"Accueil\",\"item\":\"https:\/\/www.sophiemore-naturo.fr\/\"},{\"@type\":\"ListItem\",\"position\":2,\"name\":\"Bienvenue !\"}]},{\"@type\":\"WebSite\",\"@id\":\"https:\/\/www.sophiemore-naturo.fr\/#website\",\"url\":\"https:\/\/www.sophiemore-naturo.fr\/\",\"name\":\"Prendre soin de soi au naturel\",\"description\":\"Prendre soin de soi au naturel\",\"publisher\":{\"@id\":\"https:\/\/www.sophiemore-naturo.fr\/#organization\"},\"potentialAction\":[{\"@type\":\"SearchAction\",\"target\":{\"@type\":\"EntryPoint\",\"urlTemplate\":\"https:\/\/www.sophiemore-naturo.fr\/?s={search_term_string}\"},\"query-input\":{\"@type\":\"PropertyValueSpecification\",\"valueRequired\":true,\"valueName\":\"search_term_string\"}}],\"inLanguage\":\"fr-FR\"},{\"@type\":\"Organization\",\"@id\":\"https:\/\/www.sophiemore-naturo.fr\/#organization\",\"name\":\"Sophie More Naturopathie Energ\u00e9tique\",\"url\":\"https:\/\/www.sophiemore-naturo.fr\/\",\"logo\":{\"@type\":\"ImageObject\",\"inLanguage\":\"fr-FR\",\"@id\":\"https:\/\/www.sophiemore-naturo.fr\/#\/schema\/logo\/image\/\",\"url\":\"https:\/\/www.sophiemore-naturo.fr\/wp-content\/uploads\/2024\/03\/44983131.png\",\"contentUrl\":\"https:\/\/www.sophiemore-naturo.fr\/wp-content\/uploads\/2024\/03\/44983131.png\",\"width\":2000,\"height\":2000,\"caption\":\"Sophie More Naturopathie Energ\u00e9tique\"},\"image\":{\"@id\":\"https:\/\/www.sophiemore-naturo.fr\/#\/schema\/logo\/image\/\"},\"sameAs\":[\"https:\/\/www.facebook.com\/sophie.more.7169\",\"https:\/\/www.instagram.com\/sophiemorenaturopathie\/\"]}]}<\/script>\n<!-- \/ Yoast SEO plugin. -->","yoast_head_json":{"title":"Bienvenue ! - Prendre soin de soi au naturel","description":"Sophie More, naturopathe sp\u00e9cialis\u00e9e en \u00e9nerg\u00e9tique chinoise, r\u00e9flexologie plantaire et visc\u00e9rale (Qi Nei Tsang). Accompagnement personnalis\u00e9 bas\u00e9 sur des soins et m\u00e9thodes naturelles.","robots":{"index":"index","follow":"follow","max-snippet":"max-snippet:-1","max-image-preview":"max-image-preview:large","max-video-preview":"max-video-preview:-1"},"canonical":"https:\/\/www.sophiemore-naturo.fr\/","og_locale":"fr_FR","og_type":"article","og_title":"Bienvenue ! - Prendre soin de soi au naturel","og_description":"Sophie More, naturopathe sp\u00e9cialis\u00e9e en \u00e9nerg\u00e9tique chinoise, r\u00e9flexologie plantaire et visc\u00e9rale (Qi Nei Tsang). Accompagnement personnalis\u00e9 bas\u00e9 sur des soins et m\u00e9thodes naturelles.","og_url":"https:\/\/www.sophiemore-naturo.fr\/","og_site_name":"Prendre soin de soi au naturel","article_publisher":"https:\/\/www.facebook.com\/sophie.more.7169","article_modified_time":"2025-10-09T13:38:26+00:00","og_image":[{"width":2560,"height":1440,"url":"https:\/\/www.sophiemore-naturo.fr\/wp-content\/uploads\/2024\/03\/20220515_104719-1-edited-2-scaled.jpg","type":"image\/jpeg"}],"twitter_card":"summary_large_image","twitter_misc":{"Dur\u00e9e de lecture estim\u00e9e":"1 minute"},"schema":{"@context":"https:\/\/schema.org","@graph":[{"@type":"WebPage","@id":"https:\/\/www.sophiemore-naturo.fr\/","url":"https:\/\/www.sophiemore-naturo.fr\/","name":"Bienvenue ! - Prendre soin de soi au naturel","isPartOf":{"@id":"https:\/\/www.sophiemore-naturo.fr\/#website"},"primaryImageOfPage":{"@id":"https:\/\/www.sophiemore-naturo.fr\/#primaryimage"},"image":{"@id":"https:\/\/www.sophiemore-naturo.fr\/#primaryimage"},"thumbnailUrl":"https:\/\/www.sophiemore-naturo.fr\/wp-content\/uploads\/2024\/03\/20220515_104719-1-edited-2-scaled.jpg","datePublished":"2024-03-22T21:37:46+00:00","dateModified":"2025-10-09T13:38:26+00:00","description":"Sophie More, naturopathe sp\u00e9cialis\u00e9e en \u00e9nerg\u00e9tique chinoise, r\u00e9flexologie plantaire et visc\u00e9rale (Qi Nei Tsang). Accompagnement personnalis\u00e9 bas\u00e9 sur des soins et m\u00e9thodes naturelles.","breadcrumb":{"@id":"https:\/\/www.sophiemore-naturo.fr\/#breadcrumb"},"inLanguage":"fr-FR","potentialAction":[{"@type":"ReadAction","target":["https:\/\/www.sophiemore-naturo.fr\/"]}]},{"@type":"ImageObject","inLanguage":"fr-FR","@id":"https:\/\/www.sophiemore-naturo.fr\/#primaryimage","url":"https:\/\/www.sophiemore-naturo.fr\/wp-content\/uploads\/2024\/03\/20220515_104719-1-edited-2-scaled.jpg","contentUrl":"https:\/\/www.sophiemore-naturo.fr\/wp-content\/uploads\/2024\/03\/20220515_104719-1-edited-2-scaled.jpg","width":2560,"height":1440},{"@type":"BreadcrumbList","@id":"https:\/\/www.sophiemore-naturo.fr\/#breadcrumb","itemListElement":[{"@type":"ListItem","position":1,"name":"Accueil","item":"https:\/\/www.sophiemore-naturo.fr\/"},{"@type":"ListItem","position":2,"name":"Bienvenue !"}]},{"@type":"WebSite","@id":"https:\/\/www.sophiemore-naturo.fr\/#website","url":"https:\/\/www.sophiemore-naturo.fr\/","name":"Prendre soin de soi au naturel","description":"Prendre soin de soi au naturel","publisher":{"@id":"https:\/\/www.sophiemore-naturo.fr\/#organization"},"potentialAction":[{"@type":"SearchAction","target":{"@type":"EntryPoint","urlTemplate":"https:\/\/www.sophiemore-naturo.fr\/?s={search_term_string}"},"query-input":{"@type":"PropertyValueSpecification","valueRequired":true,"valueName":"search_term_string"}}],"inLanguage":"fr-FR"},{"@type":"Organization","@id":"https:\/\/www.sophiemore-naturo.fr\/#organization","name":"Sophie More Naturopathie Energ\u00e9tique","url":"https:\/\/www.sophiemore-naturo.fr\/","logo":{"@type":"ImageObject","inLanguage":"fr-FR","@id":"https:\/\/www.sophiemore-naturo.fr\/#\/schema\/logo\/image\/","url":"https:\/\/www.sophiemore-naturo.fr\/wp-content\/uploads\/2024\/03\/44983131.png","contentUrl":"https:\/\/www.sophiemore-naturo.fr\/wp-content\/uploads\/2024\/03\/44983131.png","width":2000,"height":2000,"caption":"Sophie More Naturopathie Energ\u00e9tique"},"image":{"@id":"https:\/\/www.sophiemore-naturo.fr\/#\/schema\/logo\/image\/"},"sameAs":["https:\/\/www.facebook.com\/sophie.more.7169","https:\/\/www.instagram.com\/sophiemorenaturopathie\/"]}]}},"_links":{"self":[{"href":"https:\/\/www.sophiemore-naturo.fr\/index.php\/wp-json\/wp\/v2\/pages\/67","targetHints":{"allow":["GET"]}}],"collection":[{"href":"https:\/\/www.sophiemore-naturo.fr\/index.php\/wp-json\/wp\/v2\/pages"}],"about":[{"href":"https:\/\/www.sophiemore-naturo.fr\/index.php\/wp-json\/wp\/v2\/types\/page"}],"author":[{"embeddable":true,"href":"https:\/\/www.sophiemore-naturo.fr\/index.php\/wp-json\/wp\/v2\/users\/1"}],"replies":[{"embeddable":true,"href":"https:\/\/www.sophiemore-naturo.fr\/index.php\/wp-json\/wp\/v2\/comments?post=67"}],"version-history":[{"count":19,"href":"https:\/\/www.sophiemore-naturo.fr\/index.php\/wp-json\/wp\/v2\/pages\/67\/revisions"}],"predecessor-version":[{"id":216,"href":"https:\/\/www.sophiemore-naturo.fr\/index.php\/wp-json\/wp\/v2\/pages\/67\/revisions\/216"}],"wp:attachment":[{"href":"https:\/\/www.sophiemore-naturo.fr\/index.php\/wp-json\/wp\/v2\/media?parent=67"}],"curies":[{"name":"wp","href":"https:\/\/api.w.org\/{rel}","templated":true}]}}