{"id":73,"date":"2024-03-22T22:39:11","date_gmt":"2024-03-22T21:39:11","guid":{"rendered":"https:\/\/www.sophiemore-naturo.fr\/?page_id=73"},"modified":"2025-10-09T15:27:46","modified_gmt":"2025-10-09T13:27:46","slug":"pour-qui-et-pour-quoi","status":"publish","type":"page","link":"https:\/\/www.sophiemore-naturo.fr\/index.php\/pour-qui-et-pour-quoi\/","title":{"rendered":"Pour qui et pour quoi ?"},"content":{"rendered":"\n<div class=\"wp-block-columns is-layout-flex wp-container-core-columns-is-layout-9d6595d7 wp-block-columns-is-layout-flex\">\n<div class=\"wp-block-column is-layout-flow wp-block-column-is-layout-flow\" style=\"flex-basis:66.66%\">\n<p>Les champs d&rsquo;application de la Naturopathie Energ\u00e9tique sont vastes et nombreux, et <strong>tout un chacun<\/strong> est susceptible de b\u00e9n\u00e9ficier d&rsquo;un accompagnement, <strong>quel que soit le moment de sa vie.  <\/strong><\/p>\n\n\n\n<p>En cherchant des solutions qui vont <strong>au-del\u00e0 du simple traitement de sympt\u00f4mes<\/strong>, en identifiant<strong> les causes <\/strong>et prenant en consid\u00e9ration la globalit\u00e9 de votre personne: <strong>physique, psychique, \u00e9motionnelle,<\/strong> nous pourrons agir ensemble sur divers d\u00e9s\u00e9quilibres, qu&rsquo;il s&rsquo;agisse d&rsquo;une <strong>affection ponctuelle ou chronique<\/strong> :<\/p>\n\n\n\n<ul class=\"wp-block-list\">\n<li><strong>Les \u00e9motions, sommeil, stress, anxi\u00e9t\u00e9<\/strong><\/li>\n\n\n\n<li><strong>Troubles digestifs <\/strong>passagers ou chroniques (maladie de Crohn, maladie de Coeliaque&#8230;)<\/li>\n\n\n\n<li><strong>Troubles ORL<\/strong> (allergies, asthme, rhumes \u00e0 r\u00e9p\u00e9tition&#8230;)<\/li>\n\n\n\n<li><strong>Troubles cutan\u00e9s <\/strong>(ecz\u00e9ma, psoriasis &#8230;)<\/li>\n\n\n\n<li>Accompagnement du <strong>cycle f\u00e9minin<\/strong> (SPM, p\u00e9ri-m\u00e9nopause, m\u00e9nopause, endom\u00e9triose&#8230;)<\/li>\n<\/ul>\n<\/div>\n\n\n\n<div class=\"wp-block-column is-layout-flow wp-block-column-is-layout-flow\" style=\"flex-basis:33.33%\">\n<figure class=\"wp-block-image size-large\"><img loading=\"lazy\" decoding=\"async\" width=\"1024\" height=\"979\" src=\"https:\/\/www.sophiemore-naturo.fr\/wp-content\/uploads\/2024\/03\/20211107_210830-1024x979.jpg\" alt=\"\" class=\"wp-image-74\" srcset=\"https:\/\/www.sophiemore-naturo.fr\/wp-content\/uploads\/2024\/03\/20211107_210830-1024x979.jpg 1024w, https:\/\/www.sophiemore-naturo.fr\/wp-content\/uploads\/2024\/03\/20211107_210830-300x287.jpg 300w, https:\/\/www.sophiemore-naturo.fr\/wp-content\/uploads\/2024\/03\/20211107_210830-768x734.jpg 768w, https:\/\/www.sophiemore-naturo.fr\/wp-content\/uploads\/2024\/03\/20211107_210830-1536x1468.jpg 1536w, https:\/\/www.sophiemore-naturo.fr\/wp-content\/uploads\/2024\/03\/20211107_210830-2048x1957.jpg 2048w\" sizes=\"auto, (max-width: 1024px) 100vw, 1024px\" \/><\/figure>\n<\/div>\n<\/div>\n\n\n\n<div class=\"wp-block-columns is-layout-flex wp-container-core-columns-is-layout-9d6595d7 wp-block-columns-is-layout-flex\">\n<div class=\"wp-block-column is-layout-flow wp-block-column-is-layout-flow\" style=\"flex-basis:33.33%\">\n<figure class=\"wp-block-image size-large\"><img loading=\"lazy\" decoding=\"async\" width=\"683\" height=\"1024\" src=\"https:\/\/www.sophiemore-naturo.fr\/wp-content\/uploads\/2024\/03\/IMG_5823-683x1024.jpg\" alt=\"\" class=\"wp-image-75\" srcset=\"https:\/\/www.sophiemore-naturo.fr\/wp-content\/uploads\/2024\/03\/IMG_5823-683x1024.jpg 683w, https:\/\/www.sophiemore-naturo.fr\/wp-content\/uploads\/2024\/03\/IMG_5823-200x300.jpg 200w, https:\/\/www.sophiemore-naturo.fr\/wp-content\/uploads\/2024\/03\/IMG_5823-768x1152.jpg 768w, https:\/\/www.sophiemore-naturo.fr\/wp-content\/uploads\/2024\/03\/IMG_5823-1024x1536.jpg 1024w, https:\/\/www.sophiemore-naturo.fr\/wp-content\/uploads\/2024\/03\/IMG_5823-1365x2048.jpg 1365w, https:\/\/www.sophiemore-naturo.fr\/wp-content\/uploads\/2024\/03\/IMG_5823-scaled.jpg 1707w\" sizes=\"auto, (max-width: 683px) 100vw, 683px\" \/><\/figure>\n<\/div>\n\n\n\n<div class=\"wp-block-column is-layout-flow wp-block-column-is-layout-flow\" style=\"flex-basis:66.66%\">\n<h2 class=\"wp-block-heading\">Et nos enfants ?<\/h2>\n\n\n\n<p>Parce qu&rsquo;elle repose sur une approche naturelle et personnalis\u00e9e, la Naturopathie Energ\u00e9tique accompagne les enfants dans leur <strong>quotidien <\/strong>et leur <strong>\u00e9volution<\/strong> avec <strong>douceur et simplicit\u00e9<\/strong>.<\/p>\n\n\n\n<p>J&rsquo;ai \u00e0 c\u0153ur de leur d\u00e9dier une place dans ma pratique, afin de leur transmettre les clefs de leur sant\u00e9 <strong>d\u00e8s le plus jeune \u00e2ge<\/strong>.<\/p>\n\n\n\n<p>Le r\u00f4le d&rsquo;<strong>\u00e9ducateur de sant\u00e9<\/strong> du naturopathe prend tout son sens lorsqu&rsquo;il s&rsquo;agit des enfants. Leur enseigner qu&rsquo;ils peuvent \u00eatre <strong>acteurs de leur bien \u00eatre<\/strong> en r\u00e9pondant aux besoins de leurs corps de mani\u00e8re simple et naturelle m&rsquo;apparait comme une \u00e9vidence.  <\/p>\n<\/div>\n<\/div>\n","protected":false},"excerpt":{"rendered":"<p>Les champs d&rsquo;application de la Naturopathie Energ\u00e9tique sont vastes et nombreux, et tout un chacun est susceptible de b\u00e9n\u00e9ficier d&rsquo;un accompagnement, quel que soit le moment de sa vie. En cherchant des solutions qui vont au-del\u00e0 du simple traitement de sympt\u00f4mes, en identifiant les causes et prenant en consid\u00e9ration la globalit\u00e9 de votre personne: physique, [&hellip;]<\/p>\n","protected":false},"author":1,"featured_media":0,"parent":0,"menu_order":0,"comment_status":"closed","ping_status":"closed","template":"","meta":{"footnotes":""},"class_list":["post-73","page","type-page","status-publish","hentry","entry"],"yoast_head":"<!-- This site is optimized with the Yoast SEO plugin v26.1.1 - https:\/\/yoast.com\/wordpress\/plugins\/seo\/ -->\n<title>Pour qui et pour quoi ? - Prendre soin de soi au naturel<\/title>\n<meta name=\"robots\" content=\"index, follow, max-snippet:-1, max-image-preview:large, max-video-preview:-1\" \/>\n<link rel=\"canonical\" href=\"https:\/\/www.sophiemore-naturo.fr\/index.php\/pour-qui-et-pour-quoi\/\" \/>\n<meta property=\"og:locale\" content=\"fr_FR\" \/>\n<meta property=\"og:type\" content=\"article\" \/>\n<meta property=\"og:title\" content=\"Pour qui et pour quoi ? - Prendre soin de soi au naturel\" \/>\n<meta property=\"og:description\" content=\"Les champs d&rsquo;application de la Naturopathie Energ\u00e9tique sont vastes et nombreux, et tout un chacun est susceptible de b\u00e9n\u00e9ficier d&rsquo;un accompagnement, quel que soit le moment de sa vie. En cherchant des solutions qui vont au-del\u00e0 du simple traitement de sympt\u00f4mes, en identifiant les causes et prenant en consid\u00e9ration la globalit\u00e9 de votre personne: physique, [&hellip;]\" \/>\n<meta property=\"og:url\" content=\"https:\/\/www.sophiemore-naturo.fr\/index.php\/pour-qui-et-pour-quoi\/\" \/>\n<meta property=\"og:site_name\" content=\"Prendre soin de soi au naturel\" \/>\n<meta property=\"article:publisher\" content=\"https:\/\/www.facebook.com\/sophie.more.7169\" \/>\n<meta property=\"article:modified_time\" content=\"2025-10-09T13:27:46+00:00\" \/>\n<meta property=\"og:image\" content=\"https:\/\/www.sophiemore-naturo.fr\/wp-content\/uploads\/2024\/03\/20211107_210830-scaled.jpg\" \/>\n\t<meta property=\"og:image:width\" content=\"2560\" \/>\n\t<meta property=\"og:image:height\" content=\"2447\" \/>\n\t<meta property=\"og:image:type\" content=\"image\/jpeg\" \/>\n<meta name=\"twitter:card\" content=\"summary_large_image\" \/>\n<meta name=\"twitter:label1\" content=\"Dur\u00e9e de lecture estim\u00e9e\" \/>\n\t<meta name=\"twitter:data1\" content=\"2 minutes\" \/>\n<script type=\"application\/ld+json\" class=\"yoast-schema-graph\">{\"@context\":\"https:\/\/schema.org\",\"@graph\":[{\"@type\":\"WebPage\",\"@id\":\"https:\/\/www.sophiemore-naturo.fr\/index.php\/pour-qui-et-pour-quoi\/\",\"url\":\"https:\/\/www.sophiemore-naturo.fr\/index.php\/pour-qui-et-pour-quoi\/\",\"name\":\"Pour qui et pour quoi ? - Prendre soin de soi au naturel\",\"isPartOf\":{\"@id\":\"https:\/\/www.sophiemore-naturo.fr\/#website\"},\"primaryImageOfPage\":{\"@id\":\"https:\/\/www.sophiemore-naturo.fr\/index.php\/pour-qui-et-pour-quoi\/#primaryimage\"},\"image\":{\"@id\":\"https:\/\/www.sophiemore-naturo.fr\/index.php\/pour-qui-et-pour-quoi\/#primaryimage\"},\"thumbnailUrl\":\"https:\/\/www.sophiemore-naturo.fr\/wp-content\/uploads\/2024\/03\/20211107_210830-1024x979.jpg\",\"datePublished\":\"2024-03-22T21:39:11+00:00\",\"dateModified\":\"2025-10-09T13:27:46+00:00\",\"breadcrumb\":{\"@id\":\"https:\/\/www.sophiemore-naturo.fr\/index.php\/pour-qui-et-pour-quoi\/#breadcrumb\"},\"inLanguage\":\"fr-FR\",\"potentialAction\":[{\"@type\":\"ReadAction\",\"target\":[\"https:\/\/www.sophiemore-naturo.fr\/index.php\/pour-qui-et-pour-quoi\/\"]}]},{\"@type\":\"ImageObject\",\"inLanguage\":\"fr-FR\",\"@id\":\"https:\/\/www.sophiemore-naturo.fr\/index.php\/pour-qui-et-pour-quoi\/#primaryimage\",\"url\":\"https:\/\/www.sophiemore-naturo.fr\/wp-content\/uploads\/2024\/03\/20211107_210830-scaled.jpg\",\"contentUrl\":\"https:\/\/www.sophiemore-naturo.fr\/wp-content\/uploads\/2024\/03\/20211107_210830-scaled.jpg\",\"width\":2560,\"height\":2447},{\"@type\":\"BreadcrumbList\",\"@id\":\"https:\/\/www.sophiemore-naturo.fr\/index.php\/pour-qui-et-pour-quoi\/#breadcrumb\",\"itemListElement\":[{\"@type\":\"ListItem\",\"position\":1,\"name\":\"Accueil\",\"item\":\"https:\/\/www.sophiemore-naturo.fr\/\"},{\"@type\":\"ListItem\",\"position\":2,\"name\":\"Pour qui et pour quoi ?\"}]},{\"@type\":\"WebSite\",\"@id\":\"https:\/\/www.sophiemore-naturo.fr\/#website\",\"url\":\"https:\/\/www.sophiemore-naturo.fr\/\",\"name\":\"Prendre soin de soi au naturel\",\"description\":\"Prendre soin de soi au naturel\",\"publisher\":{\"@id\":\"https:\/\/www.sophiemore-naturo.fr\/#organization\"},\"potentialAction\":[{\"@type\":\"SearchAction\",\"target\":{\"@type\":\"EntryPoint\",\"urlTemplate\":\"https:\/\/www.sophiemore-naturo.fr\/?s={search_term_string}\"},\"query-input\":{\"@type\":\"PropertyValueSpecification\",\"valueRequired\":true,\"valueName\":\"search_term_string\"}}],\"inLanguage\":\"fr-FR\"},{\"@type\":\"Organization\",\"@id\":\"https:\/\/www.sophiemore-naturo.fr\/#organization\",\"name\":\"Sophie More Naturopathie Energ\u00e9tique\",\"url\":\"https:\/\/www.sophiemore-naturo.fr\/\",\"logo\":{\"@type\":\"ImageObject\",\"inLanguage\":\"fr-FR\",\"@id\":\"https:\/\/www.sophiemore-naturo.fr\/#\/schema\/logo\/image\/\",\"url\":\"https:\/\/www.sophiemore-naturo.fr\/wp-content\/uploads\/2024\/03\/44983131.png\",\"contentUrl\":\"https:\/\/www.sophiemore-naturo.fr\/wp-content\/uploads\/2024\/03\/44983131.png\",\"width\":2000,\"height\":2000,\"caption\":\"Sophie More Naturopathie Energ\u00e9tique\"},\"image\":{\"@id\":\"https:\/\/www.sophiemore-naturo.fr\/#\/schema\/logo\/image\/\"},\"sameAs\":[\"https:\/\/www.facebook.com\/sophie.more.7169\",\"https:\/\/www.instagram.com\/sophiemorenaturopathie\/\"]}]}<\/script>\n<!-- \/ Yoast SEO plugin. -->","yoast_head_json":{"title":"Pour qui et pour quoi ? - Prendre soin de soi au naturel","robots":{"index":"index","follow":"follow","max-snippet":"max-snippet:-1","max-image-preview":"max-image-preview:large","max-video-preview":"max-video-preview:-1"},"canonical":"https:\/\/www.sophiemore-naturo.fr\/index.php\/pour-qui-et-pour-quoi\/","og_locale":"fr_FR","og_type":"article","og_title":"Pour qui et pour quoi ? - Prendre soin de soi au naturel","og_description":"Les champs d&rsquo;application de la Naturopathie Energ\u00e9tique sont vastes et nombreux, et tout un chacun est susceptible de b\u00e9n\u00e9ficier d&rsquo;un accompagnement, quel que soit le moment de sa vie. En cherchant des solutions qui vont au-del\u00e0 du simple traitement de sympt\u00f4mes, en identifiant les causes et prenant en consid\u00e9ration la globalit\u00e9 de votre personne: physique, [&hellip;]","og_url":"https:\/\/www.sophiemore-naturo.fr\/index.php\/pour-qui-et-pour-quoi\/","og_site_name":"Prendre soin de soi au naturel","article_publisher":"https:\/\/www.facebook.com\/sophie.more.7169","article_modified_time":"2025-10-09T13:27:46+00:00","og_image":[{"width":2560,"height":2447,"url":"https:\/\/www.sophiemore-naturo.fr\/wp-content\/uploads\/2024\/03\/20211107_210830-scaled.jpg","type":"image\/jpeg"}],"twitter_card":"summary_large_image","twitter_misc":{"Dur\u00e9e de lecture estim\u00e9e":"2 minutes"},"schema":{"@context":"https:\/\/schema.org","@graph":[{"@type":"WebPage","@id":"https:\/\/www.sophiemore-naturo.fr\/index.php\/pour-qui-et-pour-quoi\/","url":"https:\/\/www.sophiemore-naturo.fr\/index.php\/pour-qui-et-pour-quoi\/","name":"Pour qui et pour quoi ? - Prendre soin de soi au naturel","isPartOf":{"@id":"https:\/\/www.sophiemore-naturo.fr\/#website"},"primaryImageOfPage":{"@id":"https:\/\/www.sophiemore-naturo.fr\/index.php\/pour-qui-et-pour-quoi\/#primaryimage"},"image":{"@id":"https:\/\/www.sophiemore-naturo.fr\/index.php\/pour-qui-et-pour-quoi\/#primaryimage"},"thumbnailUrl":"https:\/\/www.sophiemore-naturo.fr\/wp-content\/uploads\/2024\/03\/20211107_210830-1024x979.jpg","datePublished":"2024-03-22T21:39:11+00:00","dateModified":"2025-10-09T13:27:46+00:00","breadcrumb":{"@id":"https:\/\/www.sophiemore-naturo.fr\/index.php\/pour-qui-et-pour-quoi\/#breadcrumb"},"inLanguage":"fr-FR","potentialAction":[{"@type":"ReadAction","target":["https:\/\/www.sophiemore-naturo.fr\/index.php\/pour-qui-et-pour-quoi\/"]}]},{"@type":"ImageObject","inLanguage":"fr-FR","@id":"https:\/\/www.sophiemore-naturo.fr\/index.php\/pour-qui-et-pour-quoi\/#primaryimage","url":"https:\/\/www.sophiemore-naturo.fr\/wp-content\/uploads\/2024\/03\/20211107_210830-scaled.jpg","contentUrl":"https:\/\/www.sophiemore-naturo.fr\/wp-content\/uploads\/2024\/03\/20211107_210830-scaled.jpg","width":2560,"height":2447},{"@type":"BreadcrumbList","@id":"https:\/\/www.sophiemore-naturo.fr\/index.php\/pour-qui-et-pour-quoi\/#breadcrumb","itemListElement":[{"@type":"ListItem","position":1,"name":"Accueil","item":"https:\/\/www.sophiemore-naturo.fr\/"},{"@type":"ListItem","position":2,"name":"Pour qui et pour quoi ?"}]},{"@type":"WebSite","@id":"https:\/\/www.sophiemore-naturo.fr\/#website","url":"https:\/\/www.sophiemore-naturo.fr\/","name":"Prendre soin de soi au naturel","description":"Prendre soin de soi au naturel","publisher":{"@id":"https:\/\/www.sophiemore-naturo.fr\/#organization"},"potentialAction":[{"@type":"SearchAction","target":{"@type":"EntryPoint","urlTemplate":"https:\/\/www.sophiemore-naturo.fr\/?s={search_term_string}"},"query-input":{"@type":"PropertyValueSpecification","valueRequired":true,"valueName":"search_term_string"}}],"inLanguage":"fr-FR"},{"@type":"Organization","@id":"https:\/\/www.sophiemore-naturo.fr\/#organization","name":"Sophie More Naturopathie Energ\u00e9tique","url":"https:\/\/www.sophiemore-naturo.fr\/","logo":{"@type":"ImageObject","inLanguage":"fr-FR","@id":"https:\/\/www.sophiemore-naturo.fr\/#\/schema\/logo\/image\/","url":"https:\/\/www.sophiemore-naturo.fr\/wp-content\/uploads\/2024\/03\/44983131.png","contentUrl":"https:\/\/www.sophiemore-naturo.fr\/wp-content\/uploads\/2024\/03\/44983131.png","width":2000,"height":2000,"caption":"Sophie More Naturopathie Energ\u00e9tique"},"image":{"@id":"https:\/\/www.sophiemore-naturo.fr\/#\/schema\/logo\/image\/"},"sameAs":["https:\/\/www.facebook.com\/sophie.more.7169","https:\/\/www.instagram.com\/sophiemorenaturopathie\/"]}]}},"_links":{"self":[{"href":"https:\/\/www.sophiemore-naturo.fr\/index.php\/wp-json\/wp\/v2\/pages\/73","targetHints":{"allow":["GET"]}}],"collection":[{"href":"https:\/\/www.sophiemore-naturo.fr\/index.php\/wp-json\/wp\/v2\/pages"}],"about":[{"href":"https:\/\/www.sophiemore-naturo.fr\/index.php\/wp-json\/wp\/v2\/types\/page"}],"author":[{"embeddable":true,"href":"https:\/\/www.sophiemore-naturo.fr\/index.php\/wp-json\/wp\/v2\/users\/1"}],"replies":[{"embeddable":true,"href":"https:\/\/www.sophiemore-naturo.fr\/index.php\/wp-json\/wp\/v2\/comments?post=73"}],"version-history":[{"count":10,"href":"https:\/\/www.sophiemore-naturo.fr\/index.php\/wp-json\/wp\/v2\/pages\/73\/revisions"}],"predecessor-version":[{"id":168,"href":"https:\/\/www.sophiemore-naturo.fr\/index.php\/wp-json\/wp\/v2\/pages\/73\/revisions\/168"}],"wp:attachment":[{"href":"https:\/\/www.sophiemore-naturo.fr\/index.php\/wp-json\/wp\/v2\/media?parent=73"}],"curies":[{"name":"wp","href":"https:\/\/api.w.org\/{rel}","templated":true}]}}